{"id":10363,"date":"2025-08-28T16:15:07","date_gmt":"2025-08-28T14:15:07","guid":{"rendered":"https:\/\/alderartstudios.com\/materiales-y-atrezzo\/"},"modified":"2026-01-12T13:06:03","modified_gmt":"2026-01-12T12:06:03","slug":"materiales-y-atrezzo","status":"publish","type":"page","link":"https:\/\/alderartstudios.com\/en\/materiales-y-atrezzo\/","title":{"rendered":"Materiales y Atrezzo"},"content":{"rendered":"<p>[et_pb_section fb_built=&#8221;1&#8243; _builder_version=&#8221;4.27.4&#8243; background_color=&#8221;rgba(0,0,0,0.5)&#8221; use_background_color_gradient=&#8221;on&#8221; background_color_gradient_stops=&#8221;rgba(0,0,0,0.5) 0%|rgba(0,0,0,0.5) 100%&#8221; background_color_gradient_start=&#8221;rgba(0,0,0,0.5)&#8221; background_color_gradient_end=&#8221;rgba(0,0,0,0.5)&#8221; background_image=&#8221;https:\/\/alderartstudios.com\/wp-content\/uploads\/2025\/09\/materiales-scaled.jpeg&#8221; background_blend=&#8221;multiply&#8221; background_enable_video_mp4=&#8221;off&#8221; custom_padding=&#8221;108px||108px||true|false&#8221; hover_enabled=&#8221;0&#8243; custom_css_main_element=&#8221;display: flex;||flex-direction: column;||justify-content: center;&#8221; locked=&#8221;off&#8221; global_colors_info=&#8221;{}&#8221; title_text=&#8221;materiales&#8221; sticky_enabled=&#8221;0&#8243;][et_pb_row _builder_version=&#8221;4.16&#8243; global_colors_info=&#8221;{}&#8221;][et_pb_column type=&#8221;4_4&#8243; _builder_version=&#8221;4.16&#8243; global_colors_info=&#8221;{}&#8221;][et_pb_text _builder_version=&#8221;4.16&#8243; _dynamic_attributes=&#8221;content&#8221; header_font=&#8221;League Spartan Bold|||on|||||&#8221; header_font_size=&#8221;46px&#8221; text_orientation=&#8221;center&#8221; background_layout=&#8221;dark&#8221; custom_margin=&#8221;||0px||false|false&#8221; global_colors_info=&#8221;{}&#8221;]@ET-DC@eyJkeW5hbWljIjp0cnVlLCJjb250ZW50IjoicG9zdF90aXRsZSIsInNldHRpbmdzIjp7ImJlZm9yZSI6IjxoMT4iLCJhZnRlciI6IjwvaDE+In19@[\/et_pb_text][\/et_pb_column][\/et_pb_row][\/et_pb_section][et_pb_section fb_built=&#8221;1&#8243; _builder_version=&#8221;4.16&#8243; global_colors_info=&#8221;{}&#8221;][et_pb_row admin_label=&#8221;Row&#8221; _builder_version=&#8221;4.16&#8243; _module_preset=&#8221;default&#8221; locked=&#8221;off&#8221; global_colors_info=&#8221;{}&#8221;][et_pb_column type=&#8221;4_4&#8243; admin_label=&#8221;Column&#8221; _builder_version=&#8221;4.16&#8243; _module_preset=&#8221;default&#8221; global_colors_info=&#8221;{}&#8221;][et_pb_text _builder_version=&#8221;4.27.4&#8243; _module_preset=&#8221;default&#8221; hover_enabled=&#8221;0&#8243; global_colors_info=&#8221;{}&#8221; sticky_enabled=&#8221;0&#8243;]<\/p>\n<p><span style=\"font-weight: 400;\">Alder Art Studios cuenta con un equipamiento de iluminaci\u00f3n y accesorios muy completo. Disponemos no solo de la \u00faltima tecnolog\u00eda en luces LED, sino tambi\u00e9n de focos cinematogr\u00e1ficos cl\u00e1sicos y dollies.<\/span><\/p>\n<p style=\"text-align: center;\">\n<p><span style=\"font-weight: 400;\">Adem\u00e1s, el estudio est\u00e1 provisto de una amplia gama de equipos de producci\u00f3n, pensados para cubrir cualquier necesidad durante el rodaje.<\/span><\/p>\n<p style=\"text-align: center;\">\n<p><span style=\"font-weight: 400;\">En caso de que los clientes deseen alquilar material a proveedores externos, ofrecemos tambi\u00e9n un servicio de custodia y almacenamiento para dicho equipamiento para facilitar la descarga y recogida de materiales.<\/span><\/p>\n<p>[\/et_pb_text][\/et_pb_column][\/et_pb_row][et_pb_row _builder_version=&#8221;4.27.4&#8243; _module_preset=&#8221;default&#8221; global_colors_info=&#8221;{}&#8221;][et_pb_column type=&#8221;4_4&#8243; _builder_version=&#8221;4.27.4&#8243; _module_preset=&#8221;default&#8221; global_colors_info=&#8221;{}&#8221;][et_pb_tabs active_tab_text_color=&#8221;#ee6a2c&#8221; _builder_version=&#8221;4.27.4&#8243; _module_preset=&#8221;default&#8221; tab_font=&#8221;&#8211;et_global_heading_font||||||||&#8221; tab_font_size=&#8221;25px&#8221; tab_line_height=&#8221;2.1em&#8221; hover_enabled=&#8221;0&#8243; border_radii=&#8221;on|10px|10px|10px|10px&#8221; global_colors_info=&#8221;{%22gcid-primary-color%22:%91%22active_tab_text_color%22%93}&#8221; sticky_enabled=&#8221;0&#8243;][et_pb_tab title=&#8221;Materiales de iluminaci\u00f3n y grip&#8221; _builder_version=&#8221;4.27.4&#8243; _module_preset=&#8221;default&#8221; custom_padding=&#8221;||||false|false&#8221; hover_enabled=&#8221;0&#8243; global_colors_info=&#8221;{}&#8221; sticky_enabled=&#8221;0&#8243;]<\/p>\n<h4>LEDs<\/h4>\n<p>1 \u00d7 Nanlux Evoke 1200B Bicolor<br \/>1 \u00d7 Nanlux Evoke 900C RGBLAC<br \/>2 \u00d7 Nanlite FC-500C RGBW<br \/>2 \u00d7 Nanlite FS-300C RGBW<br \/>2 \u00d7 Nanlux Softbox Octagonal 150 cm montura Nanlux<br \/>1 \u00d7 Nanlux Linterna Softbox 120 cm Montura Nanlux<br \/>1 \u00d7 Phottix ventana raja 80\u00d7120 cm montura Bowens<br \/>2 \u00d7 Phottix ventana raja Octa 120 cm montura Bowens<br \/>2 \u00d7 Phottix ventana raja Octa 85 cm montura Bowens<br \/>1 \u00d7 Proyecci\u00f3n Nanlite PJ-BM con lentes 19\u00b0 y 36\u00b0 para Montaje Bowens<br \/>2 \u00d7 Set de GOBO para proyecci\u00f3n Nanlite FM-mount<\/p>\n<h4>Retros<\/h4>\n<p>5 \u00d7 Arri 300 plus<br \/>1 \u00d7 Arri Junior 300<br \/>2 \u00d7 Arri Junior 150<br \/>3 \u00d7 Arri 150<br \/>7 \u00d7 Arri 650<br \/>4 \u00d7 Arri 1000<br \/>7 \u00d7 QuartzColor Janebeam 800 Mod. 3142<br \/>1 \u00d7 Blonde 2000w Tungsten<br \/>5 \u00d7 Polaris Quatzcolor mod.260 1000w<br \/>5 \u00d7 Castor model 270 2000w Quartz Color<br \/>3 \u00d7 Strand Cantata 26\/44<\/p>\n<h4>Tr\u00edpodes<\/h4>\n<p>3 \u00d7 Mattews Baby stand<br \/>3 \u00d7 Manfrotto 269BU &#8211; Tr\u00edpode<br \/>3 \u00d7 High-roller with wheels<br \/>2 \u00d7 Manfrotto 1 tramo<br \/>6 \u00d7 Manfrotto 007csu stand<br \/>7 \u00d7 Manfrotto tripode de suelo<br \/>6 \u00d7 C-stand<br \/>8 \u00d7 Brazo rotula largo<br \/>8 \u00d7 Brazo rotula corto<\/p>\n<h4>Electrico<\/h4>\n<p>4 \u00d7 Regletas<br \/>12 \u00d7 Schukos<br \/>2 \u00d7 Alargador<br \/>Rotulas de ceferino<br \/>Garras<br \/>Pinzas universales<br \/>Dimmers<\/p>\n<h4>Grip<\/h4>\n<p>1 \u00d7 Panther dolly<br \/>1 \u00d7 Rosco tela seda artificial 12X12 blanca<br \/>1 \u00d7 Palio 2m \u00d7 2m<br \/>1 \u00d7 Grid cloth 2m \u00d7 1m<br \/>1 \u00d7 espejo blanco 1m \u00d7 1m<br \/>1 \u00d7 espejo dorado y rosco plata 1m \u00d7 1m<br \/>1 \u00d7 rosco plata y blanco 1m \u00d7 1m<br \/>1 \u00d7 rosco plata y blanco 2m \u00d7 1m<br \/>2 \u00d7 porex blanco y negro 1m \u00d7 1m<br \/>1 \u00d7 espejo plata 1m \u00d7 1m<br \/>4 \u00d7 espejo plata y blanco 1m \u00d7 1m<br \/>1 \u00d7 rosco plata y espejo plata 1m \u00d7 1m<br \/>3 \u00d7 porex blanco 1m \u00d7 1m<br \/>1 \u00d7 espejo dorado y rosco dorado 1m \u00d7 1m<br \/>1 \u00d7 espejo plata 1m \u00d7 1m<br \/>4 \u00d7 espejo plata y blanco 2m \u00d7 1m<br \/>1 \u00d7 porex blanco 2m \u00d7 1m<br \/>2 \u00d7 porex blanco y negro 2m \u00d7 1m<br \/>1 \u00d7 bastidor 1m \u00d7 1m<br \/>1 \u00d7 bastidor 2m \u00d7 1m<br \/>2 \u00d7 bandera negra 46cm \u00d7 60cm<br \/>Pinchos de porex<br \/>Truss adicional<\/p>\n<p>[\/et_pb_tab][et_pb_tab title=&#8221;Atrezzo&#8221; _builder_version=&#8221;4.27.4&#8243; _module_preset=&#8221;default&#8221; hover_enabled=&#8221;0&#8243; global_colors_info=&#8221;{}&#8221; sticky_enabled=&#8221;0&#8243;]<\/p>\n<p>1 \u00d7 Sof\u00e1 3 plazas Chesterfield de piel rojo<br \/>1 \u00d7 Sof\u00e1 3 plazas Chesterfield de piel marr\u00f3n<br \/>1 \u00d7 Sof\u00e1 3 plazas Chesterfield de piel verde<br \/>2 \u00d7 Sill\u00f3n Chesterfield de piel rojo<br \/>Plantas<br \/>Pinturas<br \/>2 \u00d7 Taburete blanco&amp;plata elevable<br \/>1 \u00d7 Mesa Blanco de oficina elevable<br \/>1 \u00d7 Mesa redonda de madera<br \/>4 \u00d7 Silla tejida<br \/>1 \u00d7 maquina de palomitas<br \/>varios candelabros<\/p>\n<p>[\/et_pb_tab][et_pb_tab title=&#8221;Production&#8221; _builder_version=&#8221;4.27.4&#8243; _module_preset=&#8221;default&#8221; hover_enabled=&#8221;0&#8243; global_colors_info=&#8221;{}&#8221; sticky_enabled=&#8221;0&#8243;]<\/p>\n<p>5 \u00d7 Mesas plegables<br \/>Sillas plegables<br \/>1 \u00d7 Plancha de vapor<br \/>1 \u00d7 Maquina de humo<br \/>2 \u00d7 Altavoces Bluetooth<br \/>1 \u00d7 Proyector<br \/>2 \u00d7 Toallas<br \/>1 \u00d7 Bolsa plastica de c\u00e1mara<br \/>Perchas<br \/>1 \u00d7 Perchero de pie<br \/>2 \u00d7 Perchero de ruedas<br \/>2 \u00d7 Espejo de cuerpo entero con luz<br \/>Telas negras <br \/>Televisor LG 4k de 50 pulgadas con soporte de ruedas <\/p>\n<p>[\/et_pb_tab][\/et_pb_tabs][\/et_pb_column][\/et_pb_row][\/et_pb_section]<\/p>\n","protected":false},"excerpt":{"rendered":"<p>Alder Art Studios cuenta con un equipamiento de iluminaci\u00f3n y accesorios muy completo. Disponemos no solo de la \u00faltima tecnolog\u00eda en luces LED, sino tambi\u00e9n de focos cinematogr\u00e1ficos cl\u00e1sicos y dollies. Adem\u00e1s, el estudio est\u00e1 provisto de una amplia gama de equipos de producci\u00f3n, pensados para cubrir cualquier necesidad durante el rodaje. En caso de [&hellip;]<\/p>\n","protected":false},"author":18,"featured_media":0,"parent":0,"menu_order":0,"comment_status":"closed","ping_status":"closed","template":"","meta":{"_et_pb_use_builder":"on","_et_pb_old_content":"","_et_gb_content_width":"","footnotes":""},"class_list":["post-10363","page","type-page","status-publish","hentry"],"yoast_head":"<!-- This site is optimized with the Yoast SEO plugin v27.4 - https:\/\/yoast.com\/product\/yoast-seo-wordpress\/ -->\n<title>Materiales y Atrezzo - Alder Art Studio<\/title>\n<meta name=\"description\" content=\"Materiales y Atrezzo Alder Art Studios\" \/>\n<meta name=\"robots\" content=\"index, follow, max-snippet:-1, max-image-preview:large, max-video-preview:-1\" \/>\n<link rel=\"canonical\" href=\"https:\/\/alderartstudios.com\/en\/materiales-y-atrezzo\/\" \/>\n<meta property=\"og:locale\" content=\"en_US\" \/>\n<meta property=\"og:type\" content=\"article\" \/>\n<meta property=\"og:title\" content=\"Materiales y Atrezzo - Alder Art Studio\" \/>\n<meta property=\"og:description\" content=\"Materiales y Atrezzo Alder Art Studios\" \/>\n<meta property=\"og:url\" content=\"https:\/\/alderartstudios.com\/en\/materiales-y-atrezzo\/\" \/>\n<meta property=\"og:site_name\" content=\"Alder Art Studio\" \/>\n<meta property=\"article:modified_time\" content=\"2026-01-12T12:06:03+00:00\" \/>\n<meta name=\"twitter:card\" content=\"summary_large_image\" \/>\n<meta name=\"twitter:label1\" content=\"Est. reading time\" \/>\n\t<meta name=\"twitter:data1\" content=\"3 minutes\" \/>\n<script type=\"application\/ld+json\" class=\"yoast-schema-graph\">{\"@context\":\"https:\\\/\\\/schema.org\",\"@graph\":[{\"@type\":\"WebPage\",\"@id\":\"https:\\\/\\\/alderartstudios.com\\\/en\\\/materiales-y-atrezzo\\\/\",\"url\":\"https:\\\/\\\/alderartstudios.com\\\/en\\\/materiales-y-atrezzo\\\/\",\"name\":\"Materiales y Atrezzo - Alder Art Studio\",\"isPartOf\":{\"@id\":\"https:\\\/\\\/alderartstudios.com\\\/en\\\/#website\"},\"datePublished\":\"2025-08-28T14:15:07+00:00\",\"dateModified\":\"2026-01-12T12:06:03+00:00\",\"description\":\"Materiales y Atrezzo Alder Art Studios\",\"breadcrumb\":{\"@id\":\"https:\\\/\\\/alderartstudios.com\\\/en\\\/materiales-y-atrezzo\\\/#breadcrumb\"},\"inLanguage\":\"en-US\",\"potentialAction\":[{\"@type\":\"ReadAction\",\"target\":[\"https:\\\/\\\/alderartstudios.com\\\/en\\\/materiales-y-atrezzo\\\/\"]}]},{\"@type\":\"BreadcrumbList\",\"@id\":\"https:\\\/\\\/alderartstudios.com\\\/en\\\/materiales-y-atrezzo\\\/#breadcrumb\",\"itemListElement\":[{\"@type\":\"ListItem\",\"position\":1,\"name\":\"Portada\",\"item\":\"https:\\\/\\\/alderartstudios.com\\\/en\\\/\"},{\"@type\":\"ListItem\",\"position\":2,\"name\":\"Materiales y Atrezzo\"}]},{\"@type\":\"WebSite\",\"@id\":\"https:\\\/\\\/alderartstudios.com\\\/en\\\/#website\",\"url\":\"https:\\\/\\\/alderartstudios.com\\\/en\\\/\",\"name\":\"Alder Art Studio\",\"description\":\"Sesiones Fotogr\u00e1ficas, rodajes, castings, eventos, reuniones, showrooms, conferencias, celebraciones\",\"publisher\":{\"@id\":\"https:\\\/\\\/alderartstudios.com\\\/en\\\/#organization\"},\"potentialAction\":[{\"@type\":\"SearchAction\",\"target\":{\"@type\":\"EntryPoint\",\"urlTemplate\":\"https:\\\/\\\/alderartstudios.com\\\/en\\\/?s={search_term_string}\"},\"query-input\":{\"@type\":\"PropertyValueSpecification\",\"valueRequired\":true,\"valueName\":\"search_term_string\"}}],\"inLanguage\":\"en-US\"},{\"@type\":\"Organization\",\"@id\":\"https:\\\/\\\/alderartstudios.com\\\/en\\\/#organization\",\"name\":\"Alder Art Studio | Estudio Fotogr\u00e1fico en Barcelona\",\"url\":\"https:\\\/\\\/alderartstudios.com\\\/en\\\/\",\"logo\":{\"@type\":\"ImageObject\",\"inLanguage\":\"en-US\",\"@id\":\"https:\\\/\\\/alderartstudios.com\\\/en\\\/#\\\/schema\\\/logo\\\/image\\\/\",\"url\":\"https:\\\/\\\/alderartstudios.com\\\/wp-content\\\/uploads\\\/2020\\\/03\\\/alder-art-studio-estudio-fotografico-barcelona.jpg\",\"contentUrl\":\"https:\\\/\\\/alderartstudios.com\\\/wp-content\\\/uploads\\\/2020\\\/03\\\/alder-art-studio-estudio-fotografico-barcelona.jpg\",\"width\":306,\"height\":90,\"caption\":\"Alder Art Studio | Estudio Fotogr\u00e1fico en Barcelona\"},\"image\":{\"@id\":\"https:\\\/\\\/alderartstudios.com\\\/en\\\/#\\\/schema\\\/logo\\\/image\\\/\"}}]}<\/script>\n<!-- \/ Yoast SEO plugin. -->","yoast_head_json":{"title":"Materiales y Atrezzo - Alder Art Studio","description":"Materiales y Atrezzo Alder Art Studios","robots":{"index":"index","follow":"follow","max-snippet":"max-snippet:-1","max-image-preview":"max-image-preview:large","max-video-preview":"max-video-preview:-1"},"canonical":"https:\/\/alderartstudios.com\/en\/materiales-y-atrezzo\/","og_locale":"en_US","og_type":"article","og_title":"Materiales y Atrezzo - Alder Art Studio","og_description":"Materiales y Atrezzo Alder Art Studios","og_url":"https:\/\/alderartstudios.com\/en\/materiales-y-atrezzo\/","og_site_name":"Alder Art Studio","article_modified_time":"2026-01-12T12:06:03+00:00","twitter_card":"summary_large_image","twitter_misc":{"Est. reading time":"3 minutes"},"schema":{"@context":"https:\/\/schema.org","@graph":[{"@type":"WebPage","@id":"https:\/\/alderartstudios.com\/en\/materiales-y-atrezzo\/","url":"https:\/\/alderartstudios.com\/en\/materiales-y-atrezzo\/","name":"Materiales y Atrezzo - Alder Art Studio","isPartOf":{"@id":"https:\/\/alderartstudios.com\/en\/#website"},"datePublished":"2025-08-28T14:15:07+00:00","dateModified":"2026-01-12T12:06:03+00:00","description":"Materiales y Atrezzo Alder Art Studios","breadcrumb":{"@id":"https:\/\/alderartstudios.com\/en\/materiales-y-atrezzo\/#breadcrumb"},"inLanguage":"en-US","potentialAction":[{"@type":"ReadAction","target":["https:\/\/alderartstudios.com\/en\/materiales-y-atrezzo\/"]}]},{"@type":"BreadcrumbList","@id":"https:\/\/alderartstudios.com\/en\/materiales-y-atrezzo\/#breadcrumb","itemListElement":[{"@type":"ListItem","position":1,"name":"Portada","item":"https:\/\/alderartstudios.com\/en\/"},{"@type":"ListItem","position":2,"name":"Materiales y Atrezzo"}]},{"@type":"WebSite","@id":"https:\/\/alderartstudios.com\/en\/#website","url":"https:\/\/alderartstudios.com\/en\/","name":"Alder Art Studio","description":"Sesiones Fotogr\u00e1ficas, rodajes, castings, eventos, reuniones, showrooms, conferencias, celebraciones","publisher":{"@id":"https:\/\/alderartstudios.com\/en\/#organization"},"potentialAction":[{"@type":"SearchAction","target":{"@type":"EntryPoint","urlTemplate":"https:\/\/alderartstudios.com\/en\/?s={search_term_string}"},"query-input":{"@type":"PropertyValueSpecification","valueRequired":true,"valueName":"search_term_string"}}],"inLanguage":"en-US"},{"@type":"Organization","@id":"https:\/\/alderartstudios.com\/en\/#organization","name":"Alder Art Studio | Estudio Fotogr\u00e1fico en Barcelona","url":"https:\/\/alderartstudios.com\/en\/","logo":{"@type":"ImageObject","inLanguage":"en-US","@id":"https:\/\/alderartstudios.com\/en\/#\/schema\/logo\/image\/","url":"https:\/\/alderartstudios.com\/wp-content\/uploads\/2020\/03\/alder-art-studio-estudio-fotografico-barcelona.jpg","contentUrl":"https:\/\/alderartstudios.com\/wp-content\/uploads\/2020\/03\/alder-art-studio-estudio-fotografico-barcelona.jpg","width":306,"height":90,"caption":"Alder Art Studio | Estudio Fotogr\u00e1fico en Barcelona"},"image":{"@id":"https:\/\/alderartstudios.com\/en\/#\/schema\/logo\/image\/"}}]}},"_links":{"self":[{"href":"https:\/\/alderartstudios.com\/en\/wp-json\/wp\/v2\/pages\/10363","targetHints":{"allow":["GET"]}}],"collection":[{"href":"https:\/\/alderartstudios.com\/en\/wp-json\/wp\/v2\/pages"}],"about":[{"href":"https:\/\/alderartstudios.com\/en\/wp-json\/wp\/v2\/types\/page"}],"author":[{"embeddable":true,"href":"https:\/\/alderartstudios.com\/en\/wp-json\/wp\/v2\/users\/18"}],"replies":[{"embeddable":true,"href":"https:\/\/alderartstudios.com\/en\/wp-json\/wp\/v2\/comments?post=10363"}],"version-history":[{"count":0,"href":"https:\/\/alderartstudios.com\/en\/wp-json\/wp\/v2\/pages\/10363\/revisions"}],"wp:attachment":[{"href":"https:\/\/alderartstudios.com\/en\/wp-json\/wp\/v2\/media?parent=10363"}],"curies":[{"name":"wp","href":"https:\/\/api.w.org\/{rel}","templated":true}]}}