{"id":10367,"date":"2020-03-02T17:33:02","date_gmt":"2020-03-02T17:33:02","guid":{"rendered":"https:\/\/alderartstudios.com\/alquiler-estudio-produccion-audiovisual\/"},"modified":"2026-04-05T16:59:36","modified_gmt":"2026-04-05T14:59:36","slug":"alquiler-estudio-produccion-audiovisual","status":"publish","type":"page","link":"https:\/\/alderartstudios.com\/en\/alquiler-estudio-produccion-audiovisual\/","title":{"rendered":"Alquiler Estudio Producci\u00f3n Audiovisual"},"content":{"rendered":"<p>[et_pb_section fb_built=&#8221;1&#8243; _builder_version=&#8221;4.16&#8243; custom_padding=&#8221;||0px||false|false&#8221; global_colors_info=&#8221;{}&#8221;][et_pb_row _builder_version=&#8221;4.16&#8243; width_last_edited=&#8221;off|desktop&#8221; custom_padding=&#8221;||75px||false|false&#8221; global_colors_info=&#8221;{}&#8221;][et_pb_column type=&#8221;4_4&#8243; _builder_version=&#8221;4.16&#8243; global_colors_info=&#8221;{}&#8221;][et_pb_text _builder_version=&#8221;4.27.4&#8243; text_font=&#8221;|300|||||||&#8221; header_font=&#8221;|600|||||||&#8221; header_font_size=&#8221;36px&#8221; header_2_font=&#8221;|600|||||||&#8221; header_2_font_size=&#8221;36px&#8221; header_2_line_height=&#8221;1.1em&#8221; header_3_font=&#8221;|300|||||||&#8221; header_3_font_size=&#8221;24px&#8221; header_3_line_height=&#8221;1.1em&#8221; text_orientation=&#8221;center&#8221; custom_margin=&#8221;||15px||false|false&#8221; header_2_font_size_tablet=&#8221;&#8221; header_2_font_size_phone=&#8221;&#8221; header_2_font_size_last_edited=&#8221;on|desktop&#8221; locked=&#8221;off&#8221; global_colors_info=&#8221;{}&#8221;]<\/p>\n<h1>Alquiler de plat\u00f3 para rodajes y fotograf\u00eda en Barcelona<\/h1>\n<p>[\/et_pb_text][et_pb_divider divider_weight=&#8221;5px&#8221; _builder_version=&#8221;4.16&#8243; width=&#8221;77%&#8221; max_width=&#8221;125px&#8221; module_alignment=&#8221;center&#8221; custom_margin=&#8221;||15px||false|false&#8221; custom_padding=&#8221;||||false|false&#8221; module_alignment_tablet=&#8221;center&#8221; module_alignment_phone=&#8221;center&#8221; module_alignment_last_edited=&#8221;on|tablet&#8221; global_colors_info=&#8221;{}&#8221;][\/et_pb_divider][et_pb_text _builder_version=&#8221;4.27.4&#8243; text_orientation=&#8221;center&#8221; text_font_size_phone=&#8221;22px&#8221; text_font_size_last_edited=&#8221;off|desktop&#8221; global_colors_info=&#8221;{}&#8221;]<\/p>\n<p>Disponemos de 3 plat\u00f3s de v\u00eddeo y fotograf\u00eda totalmente equipados. El plat\u00f3 1 cuenta con ciclorama, croma verde y efecto lluvia, lo que lo hace ideal para rodajes publicitarios, producciones con coches, series de TV, cine, sesiones fotogr\u00e1ficas, castings y otros eventos.<\/p>\n<p>[\/et_pb_text][\/et_pb_column][\/et_pb_row][et_pb_row column_structure=&#8221;1_2,1_2&#8243; use_custom_gutter=&#8221;on&#8221; gutter_width=&#8221;1&#8243; make_equal=&#8221;on&#8221; custom_padding_last_edited=&#8221;on|phone&#8221; admin_label=&#8221;Estuido 1&#8243; _builder_version=&#8221;4.27.4&#8243; width=&#8221;100%&#8221; max_width=&#8221;2560px&#8221; max_height_tablet=&#8221;&#8221; max_height_phone=&#8221;&#8221; max_height_last_edited=&#8221;on|phone&#8221; custom_margin_tablet=&#8221;||||false|false&#8221; custom_margin_phone=&#8221;&#8221; custom_margin_last_edited=&#8221;on|tablet&#8221; custom_padding=&#8221;0px||0px||false|false&#8221; custom_padding_tablet=&#8221;|25px|50px|25px|false|false&#8221; custom_padding_phone=&#8221;&#8221; locked=&#8221;off&#8221; global_colors_info=&#8221;{}&#8221;][et_pb_column type=&#8221;1_2&#8243; _builder_version=&#8221;4.16&#8243; global_colors_info=&#8221;{}&#8221; admin_label=&#8221;Column&#8221;][et_pb_image src=&#8221;https:\/\/alderartstudios.com\/wp-content\/uploads\/2023\/07\/foto-home-studio1-opt.jpg&#8221; alt=&#8221;foto-home-studio1-opt&#8221; title_text=&#8221;foto-home-studio1-opt&#8221; _builder_version=&#8221;4.21.0&#8243; global_colors_info=&#8221;{}&#8221;][\/et_pb_image][\/et_pb_column][et_pb_column type=&#8221;1_2&#8243; _builder_version=&#8221;4.16&#8243; background_color=&#8221;#ee6a2c&#8221; custom_css_main_element=&#8221;display: flex;||flex-direction: column;||justify-content: center;&#8221; global_colors_info=&#8221;{}&#8221;][et_pb_cta title=&#8221;PLAT\u00d3 1 &#8211;  Rain Studio (182m2)&#8221; button_url=&#8221;https:\/\/alderartstudios.com\/alquiler-estudio-produccion\/studio-1-the-rain-studio\/&#8221; button_text=&#8221;Ir a PLAT\u00d3 1&#8243; _builder_version=&#8221;4.27.4&#8243; header_line_height=&#8221;2em&#8221; body_line_height=&#8221;1.2em&#8221; background_color=&#8221;rgba(238,106,44,0)&#8221; custom_button=&#8221;on&#8221; button_text_color=&#8221;#000000&#8243; button_bg_color=&#8221;rgba(0,0,0,0)&#8221; button_border_color=&#8221;#000000&#8243; button_font=&#8221;League Spartan Bold|700|||||||&#8221; button_custom_margin=&#8221;20px||25px||false|false&#8221; button_custom_padding=&#8221;11px||||false|false&#8221; global_colors_info=&#8221;{}&#8221; button_text_color__hover_enabled=&#8221;on|desktop&#8221; button_text_color__hover=&#8221;#ffffff&#8221; button_custom_padding__hover=&#8221;|30px||20px|false|false&#8221; button_custom_padding__hover_enabled=&#8221;on|hover&#8221;]<\/p>\n<p>Plat\u00f3 con ciclorama, croma verde y efecto lluvia.<br \/>Acceso directo para veh\u00edculos a pie de calle.<br \/>Ideal para rodajes publicitarios, coches, sesiones fotogr\u00e1ficas y eventos.<\/p>\n<p><strong>650\u20ac\/ D\u00eda Completo (10 horas)<\/strong><br \/><strong>400\u20ac \/ Jornada media (5 horas)<\/strong><\/p>\n<p>[\/et_pb_cta][\/et_pb_column][\/et_pb_row][et_pb_row column_structure=&#8221;1_2,1_2&#8243; use_custom_gutter=&#8221;on&#8221; gutter_width=&#8221;1&#8243; make_equal=&#8221;on&#8221; custom_padding_last_edited=&#8221;on|tablet&#8221; admin_label=&#8221;Studio 2&#8243; _builder_version=&#8221;4.27.4&#8243; width=&#8221;100%&#8221; max_width=&#8221;2560px&#8221; max_height_tablet=&#8221;&#8221; max_height_phone=&#8221;&#8221; max_height_last_edited=&#8221;on|desktop&#8221; custom_padding=&#8221;0px||0px||false|false&#8221; custom_padding_tablet=&#8221;|25px|50px|25px|false|false&#8221; custom_padding_phone=&#8221;&#8221; locked=&#8221;off&#8221; global_colors_info=&#8221;{}&#8221;][et_pb_column type=&#8221;1_2&#8243; _builder_version=&#8221;4.16&#8243; background_color=&#8221;#ee6a2c&#8221; custom_css_main_element=&#8221;display: flex;||flex-direction: column;||justify-content: center;&#8221; global_colors_info=&#8221;{}&#8221; admin_label=&#8221;Column&#8221;][et_pb_image src=&#8221;https:\/\/alderartstudios.com\/wp-content\/uploads\/2025\/08\/DSC07438-scaled.jpg&#8221; alt=&#8221;STUDIO  Casting direction alquiler estudios barcelona&#8221; title_text=&#8221;DSC07438&#8243; disabled_on=&#8221;off|off|on&#8221; _builder_version=&#8221;4.27.5&#8243; global_colors_info=&#8221;{}&#8221; admin_label=&#8221;Image&#8221;][\/et_pb_image][et_pb_cta title=&#8221;PLAT\u00d3 2 &#8211;  (56m2)&#8221; button_url=&#8221;https:\/\/alderartstudios.com\/alquiler-estudio-produccion-audiovisual\/studio-2\/&#8221; button_text=&#8221;Ir a PLAT\u00d3 2&#8243; _builder_version=&#8221;4.27.4&#8243; header_line_height=&#8221;2em&#8221; body_line_height=&#8221;1.2em&#8221; background_color=&#8221;rgba(238,106,44,0)&#8221; custom_button=&#8221;on&#8221; button_text_color=&#8221;#000000&#8243; button_bg_color=&#8221;rgba(0,0,0,0)&#8221; button_border_color=&#8221;#000000&#8243; button_font=&#8221;League Spartan Bold|700|||||||&#8221; button_custom_margin=&#8221;20px||25px||false|false&#8221; button_custom_padding=&#8221;11px||||false|false&#8221; global_colors_info=&#8221;{}&#8221; button_text_color__hover=&#8221;#ffffff&#8221; button_text_color__hover_enabled=&#8221;on|desktop&#8221; button_custom_padding__hover=&#8221;|30px||20px|false|false&#8221; button_custom_padding__hover_enabled=&#8221;on|hover&#8221;]<\/p>\n<p>Plat\u00f3 con ciclorama, sistema de suspensi\u00f3n para iluminaci\u00f3n, y diferentes fondos de color en papel.<br \/>Zona de descanso y espacios de maquillaje.<br \/>Ideal para fotograf\u00edas, casting, video corporativo o podcast de escala peque\u00f1a.<\/p>\n<p><strong>400\u20ac\/ D\u00eda Completo (10 horas)<\/strong><br \/><strong>300\u20ac \/ Jornada media (5horas)<\/strong><\/p>\n<p>[\/et_pb_cta][\/et_pb_column][et_pb_column type=&#8221;1_2&#8243; _builder_version=&#8221;4.16&#8243; background_color=&#8221;#e09900&#8243; global_colors_info=&#8221;{}&#8221; admin_label=&#8221;Column&#8221;][et_pb_image src=&#8221;https:\/\/alderartstudios.com\/wp-content\/uploads\/2025\/08\/DSC07438-scaled.jpg&#8221; alt=&#8221;STUDIO  Casting direction alquiler estudios barcelona&#8221; title_text=&#8221;DSC07438&#8243; disabled_on=&#8221;on|on|off&#8221; _builder_version=&#8221;4.27.4&#8243; global_colors_info=&#8221;{}&#8221;][\/et_pb_image][\/et_pb_column][\/et_pb_row][et_pb_row column_structure=&#8221;1_2,1_2&#8243; use_custom_gutter=&#8221;on&#8221; gutter_width=&#8221;1&#8243; make_equal=&#8221;on&#8221; custom_padding_last_edited=&#8221;on|desktop&#8221; admin_label=&#8221;Brooklyn Loft&#8221; _builder_version=&#8221;4.27.4&#8243; width=&#8221;100%&#8221; max_width=&#8221;2560px&#8221; max_height_tablet=&#8221;&#8221; max_height_phone=&#8221;&#8221; max_height_last_edited=&#8221;on|phone&#8221; custom_padding=&#8221;0px||0px||false|false&#8221; custom_padding_tablet=&#8221;0px|25px|50px|25px|false|false&#8221; custom_padding_phone=&#8221;&#8221; locked=&#8221;off&#8221; global_colors_info=&#8221;{}&#8221;][et_pb_column type=&#8221;1_2&#8243; _builder_version=&#8221;4.27.4&#8243; global_colors_info=&#8221;{}&#8221;][et_pb_image src=&#8221;https:\/\/alderartstudios.com\/wp-content\/uploads\/2025\/08\/DSC07328-scaled.jpg&#8221; alt=&#8221;Studio 3 &#8211; Art Space&#8221; title_text=&#8221;DSC07328&#8243; _builder_version=&#8221;4.27.4&#8243; global_colors_info=&#8221;{}&#8221;][\/et_pb_image][\/et_pb_column][et_pb_column type=&#8221;1_2&#8243; _builder_version=&#8221;4.16&#8243; background_color=&#8221;#ee6a2c&#8221; custom_css_main_element=&#8221;display: flex;||flex-direction: column;||justify-content: center;&#8221; global_colors_info=&#8221;{}&#8221;][et_pb_cta title=&#8221;PLAT\u00d3 3 &#8211; Brooklyn Loft (140m2)&#8221; button_url=&#8221;https:\/\/alderartstudios.com\/alquiler-estudio-produccion-audiovisual\/studio-3-brooklyn-loft\/&#8221; button_text=&#8221;Ir a PLAT\u00d3 3&#8243; _builder_version=&#8221;4.27.4&#8243; header_line_height=&#8221;2em&#8221; body_line_height=&#8221;1.2em&#8221; background_color=&#8221;rgba(238,106,44,0)&#8221; custom_button=&#8221;on&#8221; button_text_color=&#8221;#000000&#8243; button_bg_color=&#8221;rgba(0,0,0,0)&#8221; button_border_color=&#8221;#000000&#8243; button_font=&#8221;League Spartan Bold|700|||||||&#8221; button_custom_margin=&#8221;20px||25px||false|false&#8221; button_custom_padding=&#8221;11px||||false|false&#8221; global_colors_info=&#8221;{}&#8221; button_text_color__hover=&#8221;#ffffff&#8221; button_text_color__hover_enabled=&#8221;on|desktop&#8221; button_custom_padding__hover=&#8221;|30px||20px|false|false&#8221; button_custom_padding__hover_enabled=&#8221;on|hover&#8221;]<\/p>\n<p>Estilo industrial de Brooklyn, Nueva York.<br \/>Dispone de escenograf\u00edas decorativas y una barra de bar.<br \/>Luz natural.<br \/>Ideal para grabaci\u00f3n de ficci\u00f3n, podcast, publicidad o evento.<\/p>\n<p><strong>650\u20ac\/ D\u00eda Completo (10 horas)<\/strong><br \/><strong>400\u20ac \/ Jornada media (5 horas)<\/strong><\/p>\n<p>[\/et_pb_cta][\/et_pb_column][\/et_pb_row][et_pb_row column_structure=&#8221;1_2,1_2&#8243; use_custom_gutter=&#8221;on&#8221; gutter_width=&#8221;1&#8243; make_equal=&#8221;on&#8221; custom_padding_last_edited=&#8221;on|phone&#8221; disabled_on=&#8221;off|off|off&#8221; admin_label=&#8221;Terraza&#8221; _builder_version=&#8221;4.27.4&#8243; width=&#8221;100%&#8221; max_width=&#8221;2560px&#8221; min_height=&#8221;475px&#8221; min_height_tablet=&#8221;475px&#8221; min_height_phone=&#8221;475px&#8221; min_height_last_edited=&#8221;on|desktop&#8221; custom_margin=&#8221;0px|0px|0px|0px|false|false&#8221; custom_padding=&#8221;0px||0px||false|false&#8221; custom_padding_tablet=&#8221;|25px|50px|25px|false|false&#8221; custom_padding_phone=&#8221;0px||||false|false&#8221; global_colors_info=&#8221;{}&#8221;][et_pb_column type=&#8221;1_2&#8243; _builder_version=&#8221;4.27.4&#8243; background_color=&#8221;#ee6a2c&#8221; custom_css_main_element=&#8221;display: flex;||flex-direction: column;||justify-content: center;&#8221; global_colors_info=&#8221;{}&#8221;][et_pb_image src=&#8221;https:\/\/alderartstudios.com\/wp-content\/uploads\/2025\/09\/DSC07461-scaled.jpg&#8221; alt=&#8221;Patio Bar Terrace Alquiler Espacios Barcelona&#8221; title_text=&#8221;DSC07461&#8243; disabled_on=&#8221;off|off|on&#8221; admin_label=&#8221;Image&#8221; _builder_version=&#8221;4.27.4&#8243; global_colors_info=&#8221;{}&#8221;][\/et_pb_image][et_pb_cta title=&#8221;TERRAZA (122m2)&#8221; button_url=&#8221;https:\/\/alderartstudios.com\/alquiler-estudio-produccion-audiovisual\/terraza\/&#8221; button_text=&#8221;Ir a TERRAZA&#8221; admin_label=&#8221;Call To Action&#8221; _builder_version=&#8221;4.27.4&#8243; header_line_height=&#8221;2em&#8221; body_line_height=&#8221;1.2em&#8221; background_color=&#8221;rgba(238,106,44,0)&#8221; custom_button=&#8221;on&#8221; button_text_color=&#8221;#000000&#8243; button_bg_color=&#8221;rgba(0,0,0,0)&#8221; button_border_color=&#8221;#000000&#8243; button_font=&#8221;League Spartan Bold|700|||||||&#8221; button_custom_margin=&#8221;20px||25px||false|false&#8221; button_custom_padding=&#8221;11px||||false|false&#8221; global_colors_info=&#8221;{}&#8221; button_text_color__hover=&#8221;#ffffff&#8221; button_text_color__hover_enabled=&#8221;on|desktop&#8221; button_custom_padding__hover=&#8221;|30px||20px|false|false&#8221; button_custom_padding__hover_enabled=&#8221;on|hover&#8221;]<\/p>\n<p>Luz natural y equipada con tomas de corriente.<\/p>\n<p><strong>400\u20ac\/ D\u00eda Completo (10 horas)<\/strong><br \/><strong>300\u20ac \/ Jornada media (5horas)<\/strong><\/p>\n<p>[\/et_pb_cta][\/et_pb_column][et_pb_column type=&#8221;1_2&#8243; admin_label=&#8221;Column&#8221; _builder_version=&#8221;4.27.4&#8243; background_image=&#8221;https:\/\/alderartstudios.com\/wp-content\/uploads\/2025\/09\/DSC07461-scaled.jpg&#8221; global_colors_info=&#8221;{}&#8221;][\/et_pb_column][\/et_pb_row][\/et_pb_section][et_pb_section fb_built=&#8221;1&#8243; disabled_on=&#8221;on|on|on&#8221; _builder_version=&#8221;4.27.4&#8243; _module_preset=&#8221;default&#8221; background_color=&#8221;#000000&#8243; background_color_gradient_direction=&#8221;270deg&#8221; background_image=&#8221;https:\/\/alderartstudios.com\/wp-content\/uploads\/2020\/10\/dots-2.png&#8221; background_position=&#8221;top_left&#8221; disabled=&#8221;on&#8221; locked=&#8221;off&#8221; global_colors_info=&#8221;{}&#8221;][et_pb_row _builder_version=&#8221;4.16&#8243; _module_preset=&#8221;default&#8221; global_colors_info=&#8221;{}&#8221;][et_pb_column type=&#8221;4_4&#8243; _builder_version=&#8221;4.16&#8243; _module_preset=&#8221;default&#8221; global_colors_info=&#8221;{}&#8221;][et_pb_signup mailchimp_list=&#8221;info@alderartstudiocom|c6765321aa&#8221; layout=&#8221;top_bottom&#8221; first_name_field=&#8221;off&#8221; last_name_field=&#8221;off&#8221; title=&#8221;Newsletter&#8221; disabled_on=&#8221;on|on|on&#8221; _builder_version=&#8221;4.16&#8243; _module_preset=&#8221;default&#8221; form_field_background_color=&#8221;#e5e5e5&#8243; header_text_color=&#8221;#ffffff&#8221; form_field_text_align=&#8221;center&#8221; background_enable_color=&#8221;off&#8221; custom_button=&#8221;on&#8221; button_text_color=&#8221;#ffffff&#8221; button_bg_color=&#8221;#ee6a2c&#8221; button_border_color=&#8221;#ee6a2c&#8221; button_border_radius=&#8221;25px&#8221; text_orientation=&#8221;center&#8221; background_layout=&#8221;light&#8221; width=&#8221;60%&#8221; width_tablet=&#8221;80%&#8221; width_phone=&#8221;100%&#8221; width_last_edited=&#8221;on|desktop&#8221; module_alignment=&#8221;center&#8221; border_radii_fields=&#8221;on|25px|25px|25px|25px&#8221; disabled=&#8221;on&#8221; global_colors_info=&#8221;{}&#8221; button_text_color__hover_enabled=&#8221;on|hover&#8221; button_text_color__hover=&#8221;#ffffff&#8221; button_bg_color__hover_enabled=&#8221;on|hover&#8221; button_bg_color__hover=&#8221;rgba(238,106,44,0.69)&#8221; button_bg_enable_color__hover=&#8221;on&#8221; button_border_color__hover_enabled=&#8221;on|hover&#8221; button_border_color__hover=&#8221;#ee6a2c&#8221;][\/et_pb_signup][\/et_pb_column][\/et_pb_row][\/et_pb_section]<\/p>\n","protected":false},"excerpt":{"rendered":"<p>Alquiler de plat\u00f3 para rodajes y fotograf\u00eda en BarcelonaDisponemos de 3 plat\u00f3s de v\u00eddeo y fotograf\u00eda totalmente equipados. El plat\u00f3 1 cuenta con ciclorama, croma verde y efecto lluvia, lo que lo hace ideal para rodajes publicitarios, producciones con coches, series de TV, cine, sesiones fotogr\u00e1ficas, castings y otros eventos.Plat\u00f3 con ciclorama, croma verde y [&hellip;]<\/p>\n","protected":false},"author":16,"featured_media":0,"parent":0,"menu_order":1,"comment_status":"closed","ping_status":"closed","template":"","meta":{"_et_pb_use_builder":"on","_et_pb_old_content":"","_et_gb_content_width":"","footnotes":""},"class_list":["post-10367","page","type-page","status-publish","hentry"],"yoast_head":"<!-- This site is optimized with the Yoast SEO plugin v27.4 - https:\/\/yoast.com\/product\/yoast-seo-wordpress\/ -->\n<title>Alquiler Estudio Barcelona | Alder Art Studio<\/title>\n<meta name=\"description\" content=\"Alquiler Estudios Producci\u00f3n profesionales. 500 m2 distribuidos en cuatro espacios totalmente adaptables.\" \/>\n<meta name=\"robots\" content=\"index, follow, max-snippet:-1, max-image-preview:large, max-video-preview:-1\" \/>\n<link rel=\"canonical\" href=\"https:\/\/alderartstudios.com\/en\/alquiler-estudio-produccion-audiovisual\/\" \/>\n<meta property=\"og:locale\" content=\"en_US\" \/>\n<meta property=\"og:type\" content=\"article\" \/>\n<meta property=\"og:title\" content=\"Alquiler Estudio Barcelona | Alder Art Studio\" \/>\n<meta property=\"og:description\" content=\"Alquiler Estudios Producci\u00f3n profesionales. 500 m2 distribuidos en cuatro espacios totalmente adaptables.\" \/>\n<meta property=\"og:url\" content=\"https:\/\/alderartstudios.com\/en\/alquiler-estudio-produccion-audiovisual\/\" \/>\n<meta property=\"og:site_name\" content=\"Alder Art Studio\" \/>\n<meta property=\"article:modified_time\" content=\"2026-04-05T14:59:36+00:00\" \/>\n<meta name=\"twitter:card\" content=\"summary_large_image\" \/>\n<meta name=\"twitter:label1\" content=\"Est. reading time\" \/>\n\t<meta name=\"twitter:data1\" content=\"4 minutes\" \/>\n<script type=\"application\/ld+json\" class=\"yoast-schema-graph\">{\"@context\":\"https:\\\/\\\/schema.org\",\"@graph\":[{\"@type\":\"WebPage\",\"@id\":\"https:\\\/\\\/alderartstudios.com\\\/en\\\/alquiler-estudio-produccion-audiovisual\\\/\",\"url\":\"https:\\\/\\\/alderartstudios.com\\\/en\\\/alquiler-estudio-produccion-audiovisual\\\/\",\"name\":\"Alquiler Estudio Barcelona | Alder Art Studio\",\"isPartOf\":{\"@id\":\"https:\\\/\\\/alderartstudios.com\\\/en\\\/#website\"},\"datePublished\":\"2020-03-02T17:33:02+00:00\",\"dateModified\":\"2026-04-05T14:59:36+00:00\",\"description\":\"Alquiler Estudios Producci\u00f3n profesionales. 500 m2 distribuidos en cuatro espacios totalmente adaptables.\",\"breadcrumb\":{\"@id\":\"https:\\\/\\\/alderartstudios.com\\\/en\\\/alquiler-estudio-produccion-audiovisual\\\/#breadcrumb\"},\"inLanguage\":\"en-US\",\"potentialAction\":[{\"@type\":\"ReadAction\",\"target\":[\"https:\\\/\\\/alderartstudios.com\\\/en\\\/alquiler-estudio-produccion-audiovisual\\\/\"]}]},{\"@type\":\"BreadcrumbList\",\"@id\":\"https:\\\/\\\/alderartstudios.com\\\/en\\\/alquiler-estudio-produccion-audiovisual\\\/#breadcrumb\",\"itemListElement\":[{\"@type\":\"ListItem\",\"position\":1,\"name\":\"Portada\",\"item\":\"https:\\\/\\\/alderartstudios.com\\\/en\\\/\"},{\"@type\":\"ListItem\",\"position\":2,\"name\":\"Alquiler Estudio Producci\u00f3n Audiovisual\"}]},{\"@type\":\"WebSite\",\"@id\":\"https:\\\/\\\/alderartstudios.com\\\/en\\\/#website\",\"url\":\"https:\\\/\\\/alderartstudios.com\\\/en\\\/\",\"name\":\"Alder Art Studio\",\"description\":\"Sesiones Fotogr\u00e1ficas, rodajes, castings, eventos, reuniones, showrooms, conferencias, celebraciones\",\"publisher\":{\"@id\":\"https:\\\/\\\/alderartstudios.com\\\/en\\\/#organization\"},\"potentialAction\":[{\"@type\":\"SearchAction\",\"target\":{\"@type\":\"EntryPoint\",\"urlTemplate\":\"https:\\\/\\\/alderartstudios.com\\\/en\\\/?s={search_term_string}\"},\"query-input\":{\"@type\":\"PropertyValueSpecification\",\"valueRequired\":true,\"valueName\":\"search_term_string\"}}],\"inLanguage\":\"en-US\"},{\"@type\":\"Organization\",\"@id\":\"https:\\\/\\\/alderartstudios.com\\\/en\\\/#organization\",\"name\":\"Alder Art Studio | Estudio Fotogr\u00e1fico en Barcelona\",\"url\":\"https:\\\/\\\/alderartstudios.com\\\/en\\\/\",\"logo\":{\"@type\":\"ImageObject\",\"inLanguage\":\"en-US\",\"@id\":\"https:\\\/\\\/alderartstudios.com\\\/en\\\/#\\\/schema\\\/logo\\\/image\\\/\",\"url\":\"https:\\\/\\\/alderartstudios.com\\\/wp-content\\\/uploads\\\/2020\\\/03\\\/alder-art-studio-estudio-fotografico-barcelona.jpg\",\"contentUrl\":\"https:\\\/\\\/alderartstudios.com\\\/wp-content\\\/uploads\\\/2020\\\/03\\\/alder-art-studio-estudio-fotografico-barcelona.jpg\",\"width\":306,\"height\":90,\"caption\":\"Alder Art Studio | Estudio Fotogr\u00e1fico en Barcelona\"},\"image\":{\"@id\":\"https:\\\/\\\/alderartstudios.com\\\/en\\\/#\\\/schema\\\/logo\\\/image\\\/\"}}]}<\/script>\n<!-- \/ Yoast SEO plugin. -->","yoast_head_json":{"title":"Alquiler Estudio Barcelona | Alder Art Studio","description":"Alquiler Estudios Producci\u00f3n profesionales. 500 m2 distribuidos en cuatro espacios totalmente adaptables.","robots":{"index":"index","follow":"follow","max-snippet":"max-snippet:-1","max-image-preview":"max-image-preview:large","max-video-preview":"max-video-preview:-1"},"canonical":"https:\/\/alderartstudios.com\/en\/alquiler-estudio-produccion-audiovisual\/","og_locale":"en_US","og_type":"article","og_title":"Alquiler Estudio Barcelona | Alder Art Studio","og_description":"Alquiler Estudios Producci\u00f3n profesionales. 500 m2 distribuidos en cuatro espacios totalmente adaptables.","og_url":"https:\/\/alderartstudios.com\/en\/alquiler-estudio-produccion-audiovisual\/","og_site_name":"Alder Art Studio","article_modified_time":"2026-04-05T14:59:36+00:00","twitter_card":"summary_large_image","twitter_misc":{"Est. reading time":"4 minutes"},"schema":{"@context":"https:\/\/schema.org","@graph":[{"@type":"WebPage","@id":"https:\/\/alderartstudios.com\/en\/alquiler-estudio-produccion-audiovisual\/","url":"https:\/\/alderartstudios.com\/en\/alquiler-estudio-produccion-audiovisual\/","name":"Alquiler Estudio Barcelona | Alder Art Studio","isPartOf":{"@id":"https:\/\/alderartstudios.com\/en\/#website"},"datePublished":"2020-03-02T17:33:02+00:00","dateModified":"2026-04-05T14:59:36+00:00","description":"Alquiler Estudios Producci\u00f3n profesionales. 500 m2 distribuidos en cuatro espacios totalmente adaptables.","breadcrumb":{"@id":"https:\/\/alderartstudios.com\/en\/alquiler-estudio-produccion-audiovisual\/#breadcrumb"},"inLanguage":"en-US","potentialAction":[{"@type":"ReadAction","target":["https:\/\/alderartstudios.com\/en\/alquiler-estudio-produccion-audiovisual\/"]}]},{"@type":"BreadcrumbList","@id":"https:\/\/alderartstudios.com\/en\/alquiler-estudio-produccion-audiovisual\/#breadcrumb","itemListElement":[{"@type":"ListItem","position":1,"name":"Portada","item":"https:\/\/alderartstudios.com\/en\/"},{"@type":"ListItem","position":2,"name":"Alquiler Estudio Producci\u00f3n Audiovisual"}]},{"@type":"WebSite","@id":"https:\/\/alderartstudios.com\/en\/#website","url":"https:\/\/alderartstudios.com\/en\/","name":"Alder Art Studio","description":"Sesiones Fotogr\u00e1ficas, rodajes, castings, eventos, reuniones, showrooms, conferencias, celebraciones","publisher":{"@id":"https:\/\/alderartstudios.com\/en\/#organization"},"potentialAction":[{"@type":"SearchAction","target":{"@type":"EntryPoint","urlTemplate":"https:\/\/alderartstudios.com\/en\/?s={search_term_string}"},"query-input":{"@type":"PropertyValueSpecification","valueRequired":true,"valueName":"search_term_string"}}],"inLanguage":"en-US"},{"@type":"Organization","@id":"https:\/\/alderartstudios.com\/en\/#organization","name":"Alder Art Studio | Estudio Fotogr\u00e1fico en Barcelona","url":"https:\/\/alderartstudios.com\/en\/","logo":{"@type":"ImageObject","inLanguage":"en-US","@id":"https:\/\/alderartstudios.com\/en\/#\/schema\/logo\/image\/","url":"https:\/\/alderartstudios.com\/wp-content\/uploads\/2020\/03\/alder-art-studio-estudio-fotografico-barcelona.jpg","contentUrl":"https:\/\/alderartstudios.com\/wp-content\/uploads\/2020\/03\/alder-art-studio-estudio-fotografico-barcelona.jpg","width":306,"height":90,"caption":"Alder Art Studio | Estudio Fotogr\u00e1fico en Barcelona"},"image":{"@id":"https:\/\/alderartstudios.com\/en\/#\/schema\/logo\/image\/"}}]}},"_links":{"self":[{"href":"https:\/\/alderartstudios.com\/en\/wp-json\/wp\/v2\/pages\/10367","targetHints":{"allow":["GET"]}}],"collection":[{"href":"https:\/\/alderartstudios.com\/en\/wp-json\/wp\/v2\/pages"}],"about":[{"href":"https:\/\/alderartstudios.com\/en\/wp-json\/wp\/v2\/types\/page"}],"author":[{"embeddable":true,"href":"https:\/\/alderartstudios.com\/en\/wp-json\/wp\/v2\/users\/16"}],"replies":[{"embeddable":true,"href":"https:\/\/alderartstudios.com\/en\/wp-json\/wp\/v2\/comments?post=10367"}],"version-history":[{"count":0,"href":"https:\/\/alderartstudios.com\/en\/wp-json\/wp\/v2\/pages\/10367\/revisions"}],"wp:attachment":[{"href":"https:\/\/alderartstudios.com\/en\/wp-json\/wp\/v2\/media?parent=10367"}],"curies":[{"name":"wp","href":"https:\/\/api.w.org\/{rel}","templated":true}]}}