{"id":10375,"date":"2025-08-29T13:03:33","date_gmt":"2025-08-29T11:03:33","guid":{"rendered":"https:\/\/alderartstudios.com\/alquiler-estudio-produccion-audiovisual\/studio-2\/"},"modified":"2026-03-26T19:03:48","modified_gmt":"2026-03-26T18:03:48","slug":"studio-2","status":"publish","type":"page","link":"https:\/\/alderartstudios.com\/en\/alquiler-estudio-produccion-audiovisual\/studio-2\/","title":{"rendered":"STUDIO 2"},"content":{"rendered":"<p>[et_pb_section fb_built=&#8221;1&#8243; fullwidth=&#8221;on&#8221; _builder_version=&#8221;4.27.4&#8243; _module_preset=&#8221;default&#8221; global_colors_info=&#8221;{}&#8221;][et_pb_fullwidth_slider use_bg_overlay=&#8221;off&#8221; admin_label=&#8221;Fullwidth Slider&#8221; _builder_version=&#8221;4.27.4&#8243; _module_preset=&#8221;default&#8221; header_level=&#8221;h1&#8243; height=&#8221;80vh&#8221; auto=&#8221;on&#8221; global_colors_info=&#8221;{}&#8221;][et_pb_slide heading=&#8221;STUDIO 2&#8243; _builder_version=&#8221;4.27.4&#8243; _module_preset=&#8221;default&#8221; background_image=&#8221;https:\/\/alderartstudios.com\/wp-content\/uploads\/2025\/08\/DSC07438-scaled.jpg&#8221; background_enable_image=&#8221;on&#8221; global_colors_info=&#8221;{}&#8221; sticky_transition=&#8221;on&#8221;][\/et_pb_slide][et_pb_slide _builder_version=&#8221;4.27.4&#8243; _module_preset=&#8221;default&#8221; background_image=&#8221;https:\/\/alderartstudios.com\/wp-content\/uploads\/2025\/08\/DSC07446-scaled.jpg&#8221; background_enable_image=&#8221;on&#8221; global_colors_info=&#8221;{}&#8221; sticky_transition=&#8221;on&#8221;][\/et_pb_slide][et_pb_slide _builder_version=&#8221;4.27.4&#8243; _module_preset=&#8221;default&#8221; background_image=&#8221;https:\/\/alderartstudios.com\/wp-content\/uploads\/2025\/08\/DSC07457-scaled.jpg&#8221; background_enable_image=&#8221;on&#8221; global_colors_info=&#8221;{}&#8221; sticky_transition=&#8221;on&#8221;][\/et_pb_slide][et_pb_slide _builder_version=&#8221;4.27.4&#8243; _module_preset=&#8221;default&#8221; background_image=&#8221;https:\/\/alderartstudios.com\/wp-content\/uploads\/2025\/08\/DSC02655-scaled.jpg&#8221; background_enable_image=&#8221;on&#8221; global_colors_info=&#8221;{}&#8221; sticky_transition=&#8221;on&#8221;][\/et_pb_slide][\/et_pb_fullwidth_slider][\/et_pb_section][et_pb_section fb_built=&#8221;1&#8243; _builder_version=&#8221;4.16&#8243; global_colors_info=&#8221;{}&#8221;][et_pb_row column_structure=&#8221;1_2,1_2&#8243; _builder_version=&#8221;4.16&#8243; global_colors_info=&#8221;{}&#8221;][et_pb_column type=&#8221;1_2&#8243; _builder_version=&#8221;4.16&#8243; global_colors_info=&#8221;{}&#8221;][et_pb_text content_tablet=&#8221;<\/p>\n<h3>Especificaciones<\/h3>\n<table xmlns=%22http:\/\/www.w3.org\/1999\/xhtml%22 cellspacing=%220%22 cellpadding=%220%22 dir=%22ltr%22 border=%221%22 data-sheets-root=%221%22 data-sheets-baot=%221%22 style=%22height: 72px; width: 40.7923%;%22 width=%2240.7923%%22>\n<colgroup>\n<col width=%2240%22 \/>\n<col width=%2240%22 \/>\n<col width=%2240%22 \/>\n<col width=%2240%22 \/>\n<col width=%2240%22 \/>\n<col width=%2240%22 \/>\n<col width=%2240%22 \/>\n<col width=%2240%22 \/>\n<col width=%2240%22 \/><\/colgroup>\n<tbody>\n<tr style=%22height: 24px;%22>\n<td colspan=%222%22 style=%22height: 24px; width: 70.3906px;%22>TAMA\u00d1O<\/td>\n<td style=%22height: 24px; width: 64.3594px;%22>ALTURA<\/td>\n<td colspan=%223%22 style=%22height: 24px; width: 95.875px;%22>CICLORAMA<\/td>\n<\/tr>\n<tr style=%22height: 24px;%22>\n<td colspan=%222%22 style=%22height: 24px; width: 70.3906px;%22>182m2<\/td>\n<td style=%22height: 24px; width: 64.3594px;%22>4.6m<\/td>\n<td colspan=%223%22 style=%22height: 24px; width: 95.875px;%22>96m2<\/td>\n<\/tr>\n<tr style=%22height: 24px;%22>\n<td colspan=%222%22 style=%22height: 24px; width: 70.3906px;%22>13m \u00d7 16m<\/td>\n<td style=%22height: 24px; width: 64.3594px;%22><\/td>\n<td colspan=%223%22 style=%22height: 24px; width: 95.875px;%22>13.3m \u00d7 7.2m<\/td>\n<\/tr>\n<\/tbody>\n<\/table>\n<p>&#8221; content_phone=&#8221;<\/p>\n<h3>Especificaciones<\/h3>\n<table xmlns=%22http:\/\/www.w3.org\/1999\/xhtml%22 cellspacing=%220%22 cellpadding=%220%22 dir=%22ltr%22 border=%220%22 data-sheets-root=%221%22 data-sheets-baot=%221%22 style=%22height: 142px; width: 0.799835%;%22 width=%2280%%22>\n<colgroup>\n<col width=%2240%22 \/>\n<col width=%2240%22 \/>\n<col width=%2240%22 \/>\n<col width=%2240%22 \/>\n<col width=%2240%22 \/>\n<col width=%2240%22 \/>\n<col width=%2240%22 \/>\n<col width=%2240%22 \/>\n<col width=%2240%22 \/><\/colgroup>\n<tbody>\n<tr style=%22height: 24px;%22>\n<td colspan=%222%22 style=%22height: 24px; width: 70.3906px;%22>TAMA\u00d1O<\/td>\n<td style=%22height: 24px; width: 64.3594px;%22>ALTURA<\/td>\n<td colspan=%223%22 style=%22height: 24px; width: 95.875px;%22>CICLORAMA<\/td>\n<\/tr>\n<tr style=%22height: 24px;%22>\n<td colspan=%222%22 style=%22height: 24px; width: 70.3906px;%22>182m2<\/td>\n<td style=%22height: 24px; width: 64.3594px;%22>2.6m<\/td>\n<td colspan=%223%22 style=%22height: 24px; width: 95.875px;%22>96m2<\/td>\n<\/tr>\n<tr style=%22height: 24px;%22>\n<td colspan=%222%22 style=%22height: 24px; width: 70.3906px;%22>13m \u00d7 16m<\/td>\n<td style=%22height: 24px; width: 64.3594px;%22><\/td>\n<td colspan=%223%22 style=%22height: 24px; width: 95.875px;%22>13.3m \u00d7 7.2m<\/td>\n<\/tr>\n<\/tbody>\n<\/table>\n<p>&#8221; content_last_edited=&#8221;on|phone&#8221; _builder_version=&#8221;4.27.4&#8243; text_line_height=&#8221;1.6em&#8221; header_2_line_height=&#8221;1.7em&#8221; text_font_size_tablet=&#8221;&#8221; text_font_size_phone=&#8221;12px&#8221; text_font_size_last_edited=&#8221;on|phone&#8221; global_colors_info=&#8221;{}&#8221;]<\/p>\n<h3>Especificaciones<\/h3>\n<table xmlns=\"http:\/\/www.w3.org\/1999\/xhtml\" cellspacing=\"0\" cellpadding=\"0\" dir=\"ltr\" border=\"1\" data-sheets-root=\"1\" data-sheets-baot=\"1\" style=\"height: 152px; width: 65.805%;\" width=\"40.7923%\">\n<colgroup>\n<col width=\"40\" \/>\n<col width=\"40\" \/>\n<col width=\"40\" \/>\n<col width=\"40\" \/>\n<col width=\"40\" \/>\n<col width=\"40\" \/>\n<col width=\"40\" \/>\n<col width=\"40\" \/>\n<col width=\"40\" \/><\/colgroup>\n<tbody>\n<tr style=\"height: 24px;\">\n<td colspan=\"2\" style=\"height: 24px; width: 70.3906px;\">TAMA\u00d1O<\/td>\n<td style=\"height: 24px; width: 64.3594px;\">ALTURA<\/td>\n<td colspan=\"3\" style=\"height: 24px; width: 95.875px;\">CICLORAMA<\/td>\n<\/tr>\n<tr style=\"height: 24px;\">\n<td colspan=\"2\" style=\"height: 24px; width: 70.3906px;\">56m2<\/td>\n<td style=\"height: 24px; width: 64.3594px;\">2.6m<\/td>\n<td colspan=\"3\" style=\"height: 24px; width: 95.875px;\">26.55m2<\/td>\n<\/tr>\n<tr style=\"height: 24px;\">\n<td colspan=\"2\" style=\"height: 24px; width: 70.3906px;\">9.48m\u00d75.9m<\/td>\n<td style=\"height: 24px; width: 64.3594px;\"><\/td>\n<td colspan=\"3\" style=\"height: 24px; width: 95.875px;\">4.5m\u00d75.9m<\/td>\n<\/tr>\n<\/tbody>\n<\/table>\n<p>&nbsp;<\/p>\n<p>[\/et_pb_text][\/et_pb_column][et_pb_column type=&#8221;1_2&#8243; _builder_version=&#8221;4.16&#8243; global_colors_info=&#8221;{}&#8221;][et_pb_text _builder_version=&#8221;4.27.4&#8243; text_line_height=&#8221;1.6em&#8221; header_2_line_height=&#8221;1.7em&#8221; text_font_size_tablet=&#8221;&#8221; text_font_size_phone=&#8221;15px&#8221; text_font_size_last_edited=&#8221;on|phone&#8221; global_colors_info=&#8221;{}&#8221;]<\/p>\n<h3>Instalaciones<google-sheets-html-origin><\/google-sheets-html-origin><\/h3>\n<table xmlns=\"http:\/\/www.w3.org\/1999\/xhtml\" cellspacing=\"0\" cellpadding=\"0\" dir=\"ltr\" border=\"1\" data-sheets-root=\"1\" data-sheets-baot=\"1\">\n<colgroup>\n<col width=\"40\" \/>\n<col width=\"40\" \/>\n<col width=\"40\" \/>\n<col width=\"40\" \/>\n<col width=\"40\" \/>\n<col width=\"40\" \/>\n<col width=\"40\" \/>\n<col width=\"40\" \/>\n<col width=\"40\" \/><\/colgroup>\n<tbody>\n<tr>\n<td colspan=\"5\">Ciclorama<\/td>\n<td colspan=\"4\">Funda de varios colores<\/td>\n<\/tr>\n<tr>\n<td colspan=\"5\">Croma<\/td>\n<td colspan=\"4\"><span data-sheets-root=\"1\">Mesas y sillas plegables<\/span><\/td>\n<\/tr>\n<tr>\n<td colspan=\"5\">Espacio de maquillaje y fitting<\/td>\n<td colspan=\"4\"><\/td>\n<\/tr>\n<\/tbody>\n<\/table>\n<p>&nbsp;<\/p>\n<p>[\/et_pb_text][\/et_pb_column][\/et_pb_row][et_pb_row column_structure=&#8221;1_2,1_2&#8243; _builder_version=&#8221;4.27.4&#8243; _module_preset=&#8221;default&#8221; custom_padding=&#8221;23px|||||&#8221; global_colors_info=&#8221;{}&#8221;][et_pb_column type=&#8221;1_2&#8243; _builder_version=&#8221;4.27.4&#8243; _module_preset=&#8221;default&#8221; global_colors_info=&#8221;{}&#8221;][et_pb_text _builder_version=&#8221;4.27.4&#8243; text_font=&#8221;&#8211;et_global_body_font||||||||&#8221; header_2_line_height=&#8221;1.7em&#8221; custom_padding=&#8221;23px||23px||false|false&#8221; custom_padding_tablet=&#8221;0px||||false|false&#8221; custom_padding_last_edited=&#8221;off|desktop&#8221; global_colors_info=&#8221;{}&#8221;]<\/p>\n<p>Plat\u00f3 2 se encuentra en la planta -1 del edificio y dispone de una superficie de 56 m\u00b2. Al igual que el Plat\u00f3 1, est\u00e1 equipado con un ciclorama, un sistema de suspensi\u00f3n para iluminaci\u00f3n y diferentes fondos de color en papel.<\/p>\n<p>Fuera del plat\u00f3 se encuentra tambi\u00e9n una zona de descanso y espacios de maquillaje.<\/p>\n<p>Por sus dimensiones m\u00e1s reducidas, este espacio resulta especialmente adecuado para producciones de menor escala.<\/p>\n<p>[\/et_pb_text][\/et_pb_column][et_pb_column type=&#8221;1_2&#8243; _builder_version=&#8221;4.27.4&#8243; _module_preset=&#8221;default&#8221; global_colors_info=&#8221;{}&#8221;][et_pb_image src=&#8221;https:\/\/alderartstudios.com\/wp-content\/uploads\/2025\/08\/plato-2_plano-e1756466003390.png&#8221; title_text=&#8221;plato 2_plano&#8221; show_in_lightbox=&#8221;on&#8221; _builder_version=&#8221;4.27.4&#8243; _module_preset=&#8221;default&#8221; global_colors_info=&#8221;{}&#8221;][\/et_pb_image][\/et_pb_column][\/et_pb_row][et_pb_row _builder_version=&#8221;4.27.4&#8243; _module_preset=&#8221;default&#8221; global_colors_info=&#8221;{}&#8221;][et_pb_column type=&#8221;4_4&#8243; _builder_version=&#8221;4.27.4&#8243; _module_preset=&#8221;default&#8221; global_colors_info=&#8221;{}&#8221;][et_pb_blurb title=&#8221;Tarifas (IVA no incluido)&#8221; use_icon=&#8221;on&#8221; font_icon=&#8221;&#xe07c;||divi||400&#8243; icon_placement=&#8221;left&#8221; icon_placement_tablet=&#8221;left&#8221; icon_placement_phone=&#8221;top&#8221; icon_placement_last_edited=&#8221;on|phone&#8221; _builder_version=&#8221;4.27.4&#8243; _module_preset=&#8221;default&#8221; header_level=&#8221;h2&#8243; body_font_size_tablet=&#8221;&#8221; body_font_size_phone=&#8221;16px&#8221; body_font_size_last_edited=&#8221;on|phone&#8221; global_colors_info=&#8221;{}&#8221;]<\/p>\n<p><google-sheets-html-origin><\/google-sheets-html-origin><\/p>\n<table xmlns=\"http:\/\/www.w3.org\/1999\/xhtml\" cellspacing=\"0\" cellpadding=\"0\" dir=\"ltr\" border=\"0\" data-sheets-root=\"1\" data-sheets-baot=\"1\">\n<colgroup>\n<col width=\"40\" \/>\n<col width=\"40\" \/>\n<col width=\"40\" \/>\n<col width=\"40\" \/>\n<col width=\"40\" \/>\n<col width=\"40\" \/>\n<col width=\"40\" \/><\/colgroup>\n<tbody>\n<tr>\n<td rowspan=\"1\" colspan=\"4\" style=\"width: 160px;\">Jornada completa<\/td>\n<td rowspan=\"1\" colspan=\"2\" style=\"width: 80px;\">10 horas<\/td>\n<td style=\"width: 41px;\">400\u20ac<\/td>\n<\/tr>\n<tr>\n<td rowspan=\"1\" colspan=\"4\" style=\"width: 160px;\">Jornada media<\/td>\n<td rowspan=\"1\" colspan=\"2\" style=\"width: 80px;\">5 horas<\/td>\n<td style=\"width: 41px;\">300\u20ac<\/td>\n<\/tr>\n<tr>\n<td rowspan=\"1\" colspan=\"4\" style=\"width: 160px;\">Hora extra<\/td>\n<td rowspan=\"1\" colspan=\"2\" style=\"width: 80px;\"><\/td>\n<td style=\"width: 41px;\">40\u20ac<\/td>\n<\/tr>\n<\/tbody>\n<\/table>\n<p>&nbsp;<\/p>\n<p>[\/et_pb_blurb][\/et_pb_column][\/et_pb_row][\/et_pb_section]<\/p>\n","protected":false},"excerpt":{"rendered":"<p>Especificaciones TAMA\u00d1O ALTURA CICLORAMA 56m2 2.6m 26.55m2 9.48m\u00d75.9m 4.5m\u00d75.9m &nbsp;Instalaciones Ciclorama Funda de varios colores Croma Mesas y sillas plegables Espacio de maquillaje y fitting &nbsp;Plat\u00f3 2 se encuentra en la planta -1 del edificio y dispone de una superficie de 56 m\u00b2. Al igual que el Plat\u00f3 1, est\u00e1 equipado con un ciclorama, un [&hellip;]<\/p>\n","protected":false},"author":18,"featured_media":1856,"parent":10367,"menu_order":0,"comment_status":"closed","ping_status":"closed","template":"","meta":{"_et_pb_use_builder":"on","_et_pb_old_content":"","_et_gb_content_width":"","footnotes":""},"class_list":["post-10375","page","type-page","status-publish","has-post-thumbnail","hentry"],"yoast_head":"<!-- This site is optimized with the Yoast SEO plugin v27.4 - https:\/\/yoast.com\/product\/yoast-seo-wordpress\/ -->\n<title>STUDIO 2 en Alquiler Barcelona | Alder Art Studio<\/title>\n<meta name=\"description\" content=\"56 m2, est\u00e1 equipado con un ciclorama, un sistema de suspensi\u00f3n para iluminaci\u00f3n y diferentes fondos de color en papel.\" \/>\n<meta name=\"robots\" content=\"index, follow, max-snippet:-1, max-image-preview:large, max-video-preview:-1\" \/>\n<link rel=\"canonical\" href=\"https:\/\/alderartstudios.com\/en\/alquiler-estudio-produccion-audiovisual\/studio-2\/\" \/>\n<meta property=\"og:locale\" content=\"en_US\" \/>\n<meta property=\"og:type\" content=\"article\" \/>\n<meta property=\"og:title\" content=\"STUDIO 2 en Alquiler Barcelona | Alder Art Studio\" \/>\n<meta property=\"og:description\" content=\"56 m2, est\u00e1 equipado con un ciclorama, un sistema de suspensi\u00f3n para iluminaci\u00f3n y diferentes fondos de color en papel.\" \/>\n<meta property=\"og:url\" content=\"https:\/\/alderartstudios.com\/en\/alquiler-estudio-produccion-audiovisual\/studio-2\/\" \/>\n<meta property=\"og:site_name\" content=\"Alder Art Studio\" \/>\n<meta property=\"article:modified_time\" content=\"2026-03-26T18:03:48+00:00\" \/>\n<meta property=\"og:image\" content=\"https:\/\/alderartstudios.com\/wp-content\/uploads\/2020\/04\/STUDIO-1-The-Rain-Studio-Alquiler-Estudios-4.jpg\" \/>\n\t<meta property=\"og:image:width\" content=\"1920\" \/>\n\t<meta property=\"og:image:height\" content=\"1280\" \/>\n\t<meta property=\"og:image:type\" content=\"image\/jpeg\" \/>\n<meta name=\"twitter:card\" content=\"summary_large_image\" \/>\n<meta name=\"twitter:label1\" content=\"Est. reading time\" \/>\n\t<meta name=\"twitter:data1\" content=\"2 minutes\" \/>\n<script type=\"application\/ld+json\" class=\"yoast-schema-graph\">{\"@context\":\"https:\\\/\\\/schema.org\",\"@graph\":[{\"@type\":\"WebPage\",\"@id\":\"https:\\\/\\\/alderartstudios.com\\\/en\\\/alquiler-estudio-produccion-audiovisual\\\/studio-2\\\/\",\"url\":\"https:\\\/\\\/alderartstudios.com\\\/en\\\/alquiler-estudio-produccion-audiovisual\\\/studio-2\\\/\",\"name\":\"STUDIO 2 en Alquiler Barcelona | Alder Art Studio\",\"isPartOf\":{\"@id\":\"https:\\\/\\\/alderartstudios.com\\\/en\\\/#website\"},\"primaryImageOfPage\":{\"@id\":\"https:\\\/\\\/alderartstudios.com\\\/en\\\/alquiler-estudio-produccion-audiovisual\\\/studio-2\\\/#primaryimage\"},\"image\":{\"@id\":\"https:\\\/\\\/alderartstudios.com\\\/en\\\/alquiler-estudio-produccion-audiovisual\\\/studio-2\\\/#primaryimage\"},\"thumbnailUrl\":\"https:\\\/\\\/alderartstudios.com\\\/wp-content\\\/uploads\\\/2020\\\/04\\\/STUDIO-1-The-Rain-Studio-Alquiler-Estudios-4.jpg\",\"datePublished\":\"2025-08-29T11:03:33+00:00\",\"dateModified\":\"2026-03-26T18:03:48+00:00\",\"description\":\"56 m2, est\u00e1 equipado con un ciclorama, un sistema de suspensi\u00f3n para iluminaci\u00f3n y diferentes fondos de color en papel.\",\"breadcrumb\":{\"@id\":\"https:\\\/\\\/alderartstudios.com\\\/en\\\/alquiler-estudio-produccion-audiovisual\\\/studio-2\\\/#breadcrumb\"},\"inLanguage\":\"en-US\",\"potentialAction\":[{\"@type\":\"ReadAction\",\"target\":[\"https:\\\/\\\/alderartstudios.com\\\/en\\\/alquiler-estudio-produccion-audiovisual\\\/studio-2\\\/\"]}]},{\"@type\":\"ImageObject\",\"inLanguage\":\"en-US\",\"@id\":\"https:\\\/\\\/alderartstudios.com\\\/en\\\/alquiler-estudio-produccion-audiovisual\\\/studio-2\\\/#primaryimage\",\"url\":\"https:\\\/\\\/alderartstudios.com\\\/wp-content\\\/uploads\\\/2020\\\/04\\\/STUDIO-1-The-Rain-Studio-Alquiler-Estudios-4.jpg\",\"contentUrl\":\"https:\\\/\\\/alderartstudios.com\\\/wp-content\\\/uploads\\\/2020\\\/04\\\/STUDIO-1-The-Rain-Studio-Alquiler-Estudios-4.jpg\",\"width\":1920,\"height\":1280,\"caption\":\"STUDIO The Rain Studio Alquiler Estudios\"},{\"@type\":\"BreadcrumbList\",\"@id\":\"https:\\\/\\\/alderartstudios.com\\\/en\\\/alquiler-estudio-produccion-audiovisual\\\/studio-2\\\/#breadcrumb\",\"itemListElement\":[{\"@type\":\"ListItem\",\"position\":1,\"name\":\"Portada\",\"item\":\"https:\\\/\\\/alderartstudios.com\\\/en\\\/\"},{\"@type\":\"ListItem\",\"position\":2,\"name\":\"Alquiler Estudio Producci\u00f3n Audiovisual\",\"item\":\"https:\\\/\\\/alderartstudios.com\\\/en\\\/alquiler-estudio-produccion-audiovisual\\\/\"},{\"@type\":\"ListItem\",\"position\":3,\"name\":\"STUDIO 2\"}]},{\"@type\":\"WebSite\",\"@id\":\"https:\\\/\\\/alderartstudios.com\\\/en\\\/#website\",\"url\":\"https:\\\/\\\/alderartstudios.com\\\/en\\\/\",\"name\":\"Alder Art Studio\",\"description\":\"Sesiones Fotogr\u00e1ficas, rodajes, castings, eventos, reuniones, showrooms, conferencias, celebraciones\",\"publisher\":{\"@id\":\"https:\\\/\\\/alderartstudios.com\\\/en\\\/#organization\"},\"potentialAction\":[{\"@type\":\"SearchAction\",\"target\":{\"@type\":\"EntryPoint\",\"urlTemplate\":\"https:\\\/\\\/alderartstudios.com\\\/en\\\/?s={search_term_string}\"},\"query-input\":{\"@type\":\"PropertyValueSpecification\",\"valueRequired\":true,\"valueName\":\"search_term_string\"}}],\"inLanguage\":\"en-US\"},{\"@type\":\"Organization\",\"@id\":\"https:\\\/\\\/alderartstudios.com\\\/en\\\/#organization\",\"name\":\"Alder Art Studio | Estudio Fotogr\u00e1fico en Barcelona\",\"url\":\"https:\\\/\\\/alderartstudios.com\\\/en\\\/\",\"logo\":{\"@type\":\"ImageObject\",\"inLanguage\":\"en-US\",\"@id\":\"https:\\\/\\\/alderartstudios.com\\\/en\\\/#\\\/schema\\\/logo\\\/image\\\/\",\"url\":\"https:\\\/\\\/alderartstudios.com\\\/wp-content\\\/uploads\\\/2020\\\/03\\\/alder-art-studio-estudio-fotografico-barcelona.jpg\",\"contentUrl\":\"https:\\\/\\\/alderartstudios.com\\\/wp-content\\\/uploads\\\/2020\\\/03\\\/alder-art-studio-estudio-fotografico-barcelona.jpg\",\"width\":306,\"height\":90,\"caption\":\"Alder Art Studio | Estudio Fotogr\u00e1fico en Barcelona\"},\"image\":{\"@id\":\"https:\\\/\\\/alderartstudios.com\\\/en\\\/#\\\/schema\\\/logo\\\/image\\\/\"}}]}<\/script>\n<!-- \/ Yoast SEO plugin. -->","yoast_head_json":{"title":"STUDIO 2 en Alquiler Barcelona | Alder Art Studio","description":"56 m2, est\u00e1 equipado con un ciclorama, un sistema de suspensi\u00f3n para iluminaci\u00f3n y diferentes fondos de color en papel.","robots":{"index":"index","follow":"follow","max-snippet":"max-snippet:-1","max-image-preview":"max-image-preview:large","max-video-preview":"max-video-preview:-1"},"canonical":"https:\/\/alderartstudios.com\/en\/alquiler-estudio-produccion-audiovisual\/studio-2\/","og_locale":"en_US","og_type":"article","og_title":"STUDIO 2 en Alquiler Barcelona | Alder Art Studio","og_description":"56 m2, est\u00e1 equipado con un ciclorama, un sistema de suspensi\u00f3n para iluminaci\u00f3n y diferentes fondos de color en papel.","og_url":"https:\/\/alderartstudios.com\/en\/alquiler-estudio-produccion-audiovisual\/studio-2\/","og_site_name":"Alder Art Studio","article_modified_time":"2026-03-26T18:03:48+00:00","og_image":[{"width":1920,"height":1280,"url":"https:\/\/alderartstudios.com\/wp-content\/uploads\/2020\/04\/STUDIO-1-The-Rain-Studio-Alquiler-Estudios-4.jpg","type":"image\/jpeg"}],"twitter_card":"summary_large_image","twitter_misc":{"Est. reading time":"2 minutes"},"schema":{"@context":"https:\/\/schema.org","@graph":[{"@type":"WebPage","@id":"https:\/\/alderartstudios.com\/en\/alquiler-estudio-produccion-audiovisual\/studio-2\/","url":"https:\/\/alderartstudios.com\/en\/alquiler-estudio-produccion-audiovisual\/studio-2\/","name":"STUDIO 2 en Alquiler Barcelona | Alder Art Studio","isPartOf":{"@id":"https:\/\/alderartstudios.com\/en\/#website"},"primaryImageOfPage":{"@id":"https:\/\/alderartstudios.com\/en\/alquiler-estudio-produccion-audiovisual\/studio-2\/#primaryimage"},"image":{"@id":"https:\/\/alderartstudios.com\/en\/alquiler-estudio-produccion-audiovisual\/studio-2\/#primaryimage"},"thumbnailUrl":"https:\/\/alderartstudios.com\/wp-content\/uploads\/2020\/04\/STUDIO-1-The-Rain-Studio-Alquiler-Estudios-4.jpg","datePublished":"2025-08-29T11:03:33+00:00","dateModified":"2026-03-26T18:03:48+00:00","description":"56 m2, est\u00e1 equipado con un ciclorama, un sistema de suspensi\u00f3n para iluminaci\u00f3n y diferentes fondos de color en papel.","breadcrumb":{"@id":"https:\/\/alderartstudios.com\/en\/alquiler-estudio-produccion-audiovisual\/studio-2\/#breadcrumb"},"inLanguage":"en-US","potentialAction":[{"@type":"ReadAction","target":["https:\/\/alderartstudios.com\/en\/alquiler-estudio-produccion-audiovisual\/studio-2\/"]}]},{"@type":"ImageObject","inLanguage":"en-US","@id":"https:\/\/alderartstudios.com\/en\/alquiler-estudio-produccion-audiovisual\/studio-2\/#primaryimage","url":"https:\/\/alderartstudios.com\/wp-content\/uploads\/2020\/04\/STUDIO-1-The-Rain-Studio-Alquiler-Estudios-4.jpg","contentUrl":"https:\/\/alderartstudios.com\/wp-content\/uploads\/2020\/04\/STUDIO-1-The-Rain-Studio-Alquiler-Estudios-4.jpg","width":1920,"height":1280,"caption":"STUDIO The Rain Studio Alquiler Estudios"},{"@type":"BreadcrumbList","@id":"https:\/\/alderartstudios.com\/en\/alquiler-estudio-produccion-audiovisual\/studio-2\/#breadcrumb","itemListElement":[{"@type":"ListItem","position":1,"name":"Portada","item":"https:\/\/alderartstudios.com\/en\/"},{"@type":"ListItem","position":2,"name":"Alquiler Estudio Producci\u00f3n Audiovisual","item":"https:\/\/alderartstudios.com\/en\/alquiler-estudio-produccion-audiovisual\/"},{"@type":"ListItem","position":3,"name":"STUDIO 2"}]},{"@type":"WebSite","@id":"https:\/\/alderartstudios.com\/en\/#website","url":"https:\/\/alderartstudios.com\/en\/","name":"Alder Art Studio","description":"Sesiones Fotogr\u00e1ficas, rodajes, castings, eventos, reuniones, showrooms, conferencias, celebraciones","publisher":{"@id":"https:\/\/alderartstudios.com\/en\/#organization"},"potentialAction":[{"@type":"SearchAction","target":{"@type":"EntryPoint","urlTemplate":"https:\/\/alderartstudios.com\/en\/?s={search_term_string}"},"query-input":{"@type":"PropertyValueSpecification","valueRequired":true,"valueName":"search_term_string"}}],"inLanguage":"en-US"},{"@type":"Organization","@id":"https:\/\/alderartstudios.com\/en\/#organization","name":"Alder Art Studio | Estudio Fotogr\u00e1fico en Barcelona","url":"https:\/\/alderartstudios.com\/en\/","logo":{"@type":"ImageObject","inLanguage":"en-US","@id":"https:\/\/alderartstudios.com\/en\/#\/schema\/logo\/image\/","url":"https:\/\/alderartstudios.com\/wp-content\/uploads\/2020\/03\/alder-art-studio-estudio-fotografico-barcelona.jpg","contentUrl":"https:\/\/alderartstudios.com\/wp-content\/uploads\/2020\/03\/alder-art-studio-estudio-fotografico-barcelona.jpg","width":306,"height":90,"caption":"Alder Art Studio | Estudio Fotogr\u00e1fico en Barcelona"},"image":{"@id":"https:\/\/alderartstudios.com\/en\/#\/schema\/logo\/image\/"}}]}},"_links":{"self":[{"href":"https:\/\/alderartstudios.com\/en\/wp-json\/wp\/v2\/pages\/10375","targetHints":{"allow":["GET"]}}],"collection":[{"href":"https:\/\/alderartstudios.com\/en\/wp-json\/wp\/v2\/pages"}],"about":[{"href":"https:\/\/alderartstudios.com\/en\/wp-json\/wp\/v2\/types\/page"}],"author":[{"embeddable":true,"href":"https:\/\/alderartstudios.com\/en\/wp-json\/wp\/v2\/users\/18"}],"replies":[{"embeddable":true,"href":"https:\/\/alderartstudios.com\/en\/wp-json\/wp\/v2\/comments?post=10375"}],"version-history":[{"count":0,"href":"https:\/\/alderartstudios.com\/en\/wp-json\/wp\/v2\/pages\/10375\/revisions"}],"up":[{"embeddable":true,"href":"https:\/\/alderartstudios.com\/en\/wp-json\/wp\/v2\/pages\/10367"}],"wp:featuredmedia":[{"embeddable":true,"href":"https:\/\/alderartstudios.com\/en\/wp-json\/wp\/v2\/media\/1856"}],"wp:attachment":[{"href":"https:\/\/alderartstudios.com\/en\/wp-json\/wp\/v2\/media?parent=10375"}],"curies":[{"name":"wp","href":"https:\/\/api.w.org\/{rel}","templated":true}]}}