{"id":10379,"date":"2025-08-29T13:28:15","date_gmt":"2025-08-29T11:28:15","guid":{"rendered":"https:\/\/alderartstudios.com\/alquiler-estudio-produccion-audiovisual\/studio-3-brooklyn-loft\/"},"modified":"2026-01-12T13:09:05","modified_gmt":"2026-01-12T12:09:05","slug":"studio-3-brooklyn-loft","status":"publish","type":"page","link":"https:\/\/alderartstudios.com\/en\/alquiler-estudio-produccion-audiovisual\/studio-3-brooklyn-loft\/","title":{"rendered":"STUDIO 3 &#8211; Brooklyn Loft"},"content":{"rendered":"<p>[et_pb_section fb_built=&#8221;1&#8243; fullwidth=&#8221;on&#8221; _builder_version=&#8221;4.27.4&#8243; _module_preset=&#8221;default&#8221; global_colors_info=&#8221;{}&#8221;][et_pb_fullwidth_slider use_bg_overlay=&#8221;off&#8221; admin_label=&#8221;Fullwidth Slider&#8221; _builder_version=&#8221;4.27.4&#8243; _module_preset=&#8221;default&#8221; height=&#8221;80vh&#8221; auto=&#8221;on&#8221; hover_enabled=&#8221;0&#8243; global_colors_info=&#8221;{}&#8221; sticky_enabled=&#8221;0&#8243;][et_pb_slide heading=&#8221;STUDIO 3 &#8211; BROOKLYN LOFT&#8221; _builder_version=&#8221;4.27.4&#8243; _module_preset=&#8221;default&#8221; background_image=&#8221;https:\/\/alderartstudios.com\/wp-content\/uploads\/2025\/08\/DSC07328-scaled.jpg&#8221; background_enable_image=&#8221;on&#8221; hover_enabled=&#8221;0&#8243; global_colors_info=&#8221;{}&#8221; sticky_transition=&#8221;on&#8221; header_level=&#8221;h1&#8243; sticky_enabled=&#8221;0&#8243;][\/et_pb_slide][et_pb_slide _builder_version=&#8221;4.27.4&#8243; _module_preset=&#8221;default&#8221; background_image=&#8221;https:\/\/alderartstudios.com\/wp-content\/uploads\/2025\/08\/DSC07346-scaled.jpg&#8221; background_enable_image=&#8221;on&#8221; global_colors_info=&#8221;{}&#8221; sticky_transition=&#8221;on&#8221;][\/et_pb_slide][et_pb_slide _builder_version=&#8221;4.27.4&#8243; _module_preset=&#8221;default&#8221; background_image=&#8221;https:\/\/alderartstudios.com\/wp-content\/uploads\/2025\/08\/DSC07335-scaled.jpg&#8221; background_enable_image=&#8221;on&#8221; global_colors_info=&#8221;{}&#8221; sticky_transition=&#8221;on&#8221;][\/et_pb_slide][et_pb_slide _builder_version=&#8221;4.27.4&#8243; _module_preset=&#8221;default&#8221; background_image=&#8221;https:\/\/alderartstudios.com\/wp-content\/uploads\/2025\/08\/DSC07348-scaled.jpg&#8221; background_enable_image=&#8221;on&#8221; global_colors_info=&#8221;{}&#8221; sticky_transition=&#8221;on&#8221;][\/et_pb_slide][et_pb_slide _builder_version=&#8221;4.27.4&#8243; _module_preset=&#8221;default&#8221; background_image=&#8221;https:\/\/alderartstudios.com\/wp-content\/uploads\/2025\/08\/DSC07341-scaled.jpg&#8221; background_enable_image=&#8221;on&#8221; global_colors_info=&#8221;{}&#8221; sticky_transition=&#8221;on&#8221;][\/et_pb_slide][\/et_pb_fullwidth_slider][\/et_pb_section][et_pb_section fb_built=&#8221;1&#8243; _builder_version=&#8221;4.16&#8243; global_colors_info=&#8221;{}&#8221;][et_pb_row column_structure=&#8221;1_2,1_2&#8243; _builder_version=&#8221;4.16&#8243; global_colors_info=&#8221;{}&#8221;][et_pb_column type=&#8221;1_2&#8243; _builder_version=&#8221;4.16&#8243; global_colors_info=&#8221;{}&#8221;][et_pb_text content_tablet=&#8221;<\/p>\n<h3>Especificaciones<\/h3>\n<table xmlns=%22http:\/\/www.w3.org\/1999\/xhtml%22 cellspacing=%220%22 cellpadding=%220%22 dir=%22ltr%22 border=%221%22 data-sheets-root=%221%22 data-sheets-baot=%221%22 style=%22height: 72px; width: 40.7923%;%22 width=%2240.7923%%22>\n<colgroup>\n<col width=%2240%22 \/>\n<col width=%2240%22 \/>\n<col width=%2240%22 \/>\n<col width=%2240%22 \/>\n<col width=%2240%22 \/>\n<col width=%2240%22 \/>\n<col width=%2240%22 \/>\n<col width=%2240%22 \/>\n<col width=%2240%22 \/><\/colgroup>\n<tbody>\n<tr style=%22height: 24px;%22>\n<td colspan=%222%22 style=%22height: 24px; width: 70.3906px;%22>TAMA\u00d1O<\/td>\n<td style=%22height: 24px; width: 64.3594px;%22>ALTURA<\/td>\n<td colspan=%223%22 style=%22height: 24px; width: 95.875px;%22>CICLORAMA<\/td>\n<\/tr>\n<tr style=%22height: 24px;%22>\n<td colspan=%222%22 style=%22height: 24px; width: 70.3906px;%22>182m2<\/td>\n<td style=%22height: 24px; width: 64.3594px;%22>4.6m<\/td>\n<td colspan=%223%22 style=%22height: 24px; width: 95.875px;%22>96m2<\/td>\n<\/tr>\n<tr style=%22height: 24px;%22>\n<td colspan=%222%22 style=%22height: 24px; width: 70.3906px;%22>13m \u00d7 16m<\/td>\n<td style=%22height: 24px; width: 64.3594px;%22><\/td>\n<td colspan=%223%22 style=%22height: 24px; width: 95.875px;%22>13.3m \u00d7 7.2m<\/td>\n<\/tr>\n<\/tbody>\n<\/table>\n<p>&#8221; content_phone=&#8221;<\/p>\n<h3>Especificaciones<\/h3>\n<table xmlns=%22http:\/\/www.w3.org\/1999\/xhtml%22 cellspacing=%220%22 cellpadding=%220%22 dir=%22ltr%22 border=%220%22 data-sheets-root=%221%22 data-sheets-baot=%221%22 style=%22height: 142px; width: 0.799835%;%22 width=%2280%%22>\n<colgroup>\n<col width=%2240%22 \/>\n<col width=%2240%22 \/>\n<col width=%2240%22 \/>\n<col width=%2240%22 \/>\n<col width=%2240%22 \/>\n<col width=%2240%22 \/>\n<col width=%2240%22 \/>\n<col width=%2240%22 \/>\n<col width=%2240%22 \/><\/colgroup>\n<tbody>\n<tr style=%22height: 24px;%22>\n<td colspan=%222%22 style=%22height: 24px; width: 70.3906px;%22>TAMA\u00d1O<\/td>\n<td style=%22height: 24px; width: 64.3594px;%22>ALTURA<\/td>\n<td colspan=%223%22 style=%22height: 24px; width: 95.875px;%22>CICLORAMA<\/td>\n<\/tr>\n<tr style=%22height: 24px;%22>\n<td colspan=%222%22 style=%22height: 24px; width: 70.3906px;%22>182m2<\/td>\n<td style=%22height: 24px; width: 64.3594px;%22>4.6m<\/td>\n<td colspan=%223%22 style=%22height: 24px; width: 95.875px;%22>96m2<\/td>\n<\/tr>\n<tr style=%22height: 24px;%22>\n<td colspan=%222%22 style=%22height: 24px; width: 70.3906px;%22>13m \u00d7 16m<\/td>\n<td style=%22height: 24px; width: 64.3594px;%22><\/td>\n<td colspan=%223%22 style=%22height: 24px; width: 95.875px;%22>13.3m \u00d7 7.2m<\/td>\n<\/tr>\n<\/tbody>\n<\/table>\n<p>&#8221; content_last_edited=&#8221;on|phone&#8221; _builder_version=&#8221;4.27.4&#8243; text_line_height=&#8221;1.6em&#8221; header_2_line_height=&#8221;1.7em&#8221; hover_enabled=&#8221;0&#8243; text_font_size_tablet=&#8221;&#8221; text_font_size_phone=&#8221;12px&#8221; text_font_size_last_edited=&#8221;on|phone&#8221; global_colors_info=&#8221;{}&#8221; sticky_enabled=&#8221;0&#8243;]<\/p>\n<h3>Especificaciones<\/h3>\n<table xmlns=\"http:\/\/www.w3.org\/1999\/xhtml\" cellspacing=\"0\" cellpadding=\"0\" dir=\"ltr\" border=\"1\" data-sheets-root=\"1\" data-sheets-baot=\"1\" style=\"height: 72px; width: 26.5372%;\" width=\"40.7923%\">\n<colgroup>\n<col width=\"40\" \/>\n<col width=\"40\" \/>\n<col width=\"40\" \/>\n<col width=\"40\" \/>\n<col width=\"40\" \/>\n<col width=\"40\" \/>\n<col width=\"40\" \/>\n<col width=\"40\" \/>\n<col width=\"40\" \/><\/colgroup>\n<tbody>\n<tr style=\"height: 24px;\">\n<td colspan=\"2\" style=\"height: 24px; width: 62.5515%;\">TAMA\u00d1O<\/td>\n<td style=\"height: 24px; width: 23.5714%;\">ALTURA<\/td>\n<\/tr>\n<tr style=\"height: 24px;\">\n<td colspan=\"2\" style=\"height: 24px; width: 62.5515%;\">140m2<\/td>\n<td style=\"height: 24px; width: 23.5714%;\">3m<\/td>\n<\/tr>\n<tr style=\"height: 24px;\">\n<td colspan=\"2\" style=\"height: 24px; width: 62.5515%;\">13.18m\u00d711.90m<\/td>\n<td style=\"height: 24px; width: 23.5714%;\"><\/td>\n<\/tr>\n<\/tbody>\n<\/table>\n<p>&nbsp;<\/p>\n<p>[\/et_pb_text][\/et_pb_column][et_pb_column type=&#8221;1_2&#8243; _builder_version=&#8221;4.16&#8243; global_colors_info=&#8221;{}&#8221;][et_pb_text _builder_version=&#8221;4.27.4&#8243; text_line_height=&#8221;1.6em&#8221; header_2_line_height=&#8221;1.7em&#8221; hover_enabled=&#8221;0&#8243; text_font_size_tablet=&#8221;&#8221; text_font_size_phone=&#8221;15px&#8221; text_font_size_last_edited=&#8221;on|phone&#8221; global_colors_info=&#8221;{}&#8221; sticky_enabled=&#8221;0&#8243;]<\/p>\n<h3>Instalaciones<google-sheets-html-origin><\/google-sheets-html-origin><\/h3>\n<table xmlns=\"http:\/\/www.w3.org\/1999\/xhtml\" cellspacing=\"0\" cellpadding=\"0\" dir=\"ltr\" border=\"1\" data-sheets-root=\"1\" data-sheets-baot=\"1\">\n<colgroup>\n<col width=\"40\" \/>\n<col width=\"40\" \/>\n<col width=\"40\" \/>\n<col width=\"40\" \/>\n<col width=\"40\" \/>\n<col width=\"40\" \/>\n<col width=\"40\" \/>\n<col width=\"40\" \/>\n<col width=\"40\" \/><\/colgroup>\n<tbody>\n<tr>\n<td colspan=\"5\">Luz natural<\/td>\n<td colspan=\"4\">Deco y atrezzo<\/td>\n<\/tr>\n<tr>\n<td colspan=\"5\">Bar<\/td>\n<td colspan=\"4\">Patio exterior<\/td>\n<\/tr>\n<\/tbody>\n<\/table>\n<p>&nbsp;<\/p>\n<p>[\/et_pb_text][\/et_pb_column][\/et_pb_row][et_pb_row column_structure=&#8221;1_2,1_2&#8243; _builder_version=&#8221;4.27.4&#8243; _module_preset=&#8221;default&#8221; custom_padding=&#8221;23px|||||&#8221; global_colors_info=&#8221;{}&#8221;][et_pb_column type=&#8221;1_2&#8243; _builder_version=&#8221;4.27.4&#8243; _module_preset=&#8221;default&#8221; global_colors_info=&#8221;{}&#8221;][et_pb_text _builder_version=&#8221;4.27.4&#8243; text_font=&#8221;&#8211;et_global_body_font||||||||&#8221; header_2_line_height=&#8221;1.7em&#8221; custom_padding=&#8221;23px||23px||false|false&#8221; custom_padding_tablet=&#8221;0px||||false|false&#8221; custom_padding_last_edited=&#8221;off|desktop&#8221; global_colors_info=&#8221;{}&#8221;]<\/p>\n<p>Plat\u00f3 3 (Brooklyn Loft) se encuentra en la planta 1 del edificio y cuenta con una superficie aproximada de 140 m\u00b2, dividida en una zona interior y otra exterior.<\/p>\n<p>El dise\u00f1o del espacio se inspira en el estilo industrial de Brooklyn (Nueva York). En el interior dispone de escenograf\u00edas decorativas y una barra de bar, mientras que en el exterior, el pasillo est\u00e1 ambientado con mesas y sillas de distintos colores y estilos.<\/p>\n<p>El Brooklyn Loft es un entorno ideal para rodajes publicitarios que requieran este estilo como fondo, as\u00ed como para la grabaci\u00f3n de podcasts. Del mismo modo, resulta perfecto como espacio de comida y descanso para clientes, modelos o equipos de rodaje.<\/p>\n<p>Adem\u00e1s, en la segunda planta del edificio se encuentra una terraza abierta de 122 m\u00b2, que puede utilizarse tanto como espacio de rodaje en exteriores como zona de descanso.<\/p>\n<p>[\/et_pb_text][\/et_pb_column][et_pb_column type=&#8221;1_2&#8243; _builder_version=&#8221;4.27.4&#8243; _module_preset=&#8221;default&#8221; global_colors_info=&#8221;{}&#8221;][et_pb_image src=&#8221;https:\/\/alderartstudios.com\/wp-content\/uploads\/2025\/08\/plato-3_plano-e1756467126668.png&#8221; title_text=&#8221;plato 3_plano&#8221; show_in_lightbox=&#8221;on&#8221; _builder_version=&#8221;4.27.4&#8243; _module_preset=&#8221;default&#8221; global_colors_info=&#8221;{}&#8221;][\/et_pb_image][\/et_pb_column][\/et_pb_row][et_pb_row _builder_version=&#8221;4.27.4&#8243; _module_preset=&#8221;default&#8221; global_colors_info=&#8221;{}&#8221;][et_pb_column type=&#8221;4_4&#8243; _builder_version=&#8221;4.27.4&#8243; _module_preset=&#8221;default&#8221; global_colors_info=&#8221;{}&#8221;][et_pb_blurb title=&#8221;Tarifas (IVA no incluido)&#8221; use_icon=&#8221;on&#8221; font_icon=&#8221;&#xe07c;||divi||400&#8243; icon_placement=&#8221;left&#8221; icon_placement_tablet=&#8221;left&#8221; icon_placement_phone=&#8221;top&#8221; icon_placement_last_edited=&#8221;on|phone&#8221; _builder_version=&#8221;4.27.4&#8243; _module_preset=&#8221;default&#8221; hover_enabled=&#8221;0&#8243; body_font_size_tablet=&#8221;&#8221; body_font_size_phone=&#8221;15px&#8221; body_font_size_last_edited=&#8221;on|phone&#8221; global_colors_info=&#8221;{}&#8221; header_level=&#8221;h2&#8243; sticky_enabled=&#8221;0&#8243;]<\/p>\n<p><google-sheets-html-origin><\/google-sheets-html-origin><\/p>\n<table xmlns=\"http:\/\/www.w3.org\/1999\/xhtml\" cellspacing=\"0\" cellpadding=\"0\" dir=\"ltr\" border=\"0\" data-sheets-root=\"1\" data-sheets-baot=\"1\">\n<colgroup>\n<col width=\"40\" \/>\n<col width=\"40\" \/>\n<col width=\"40\" \/>\n<col width=\"40\" \/>\n<col width=\"40\" \/>\n<col width=\"40\" \/>\n<col width=\"40\" \/><\/colgroup>\n<tbody>\n<tr>\n<td rowspan=\"1\" colspan=\"4\" style=\"width: 160px;\">Jornada completa<\/td>\n<td rowspan=\"1\" colspan=\"2\" style=\"width: 80px;\">10 horas<\/td>\n<td style=\"width: 41px;\">650\u20ac<\/td>\n<\/tr>\n<tr>\n<td rowspan=\"1\" colspan=\"4\" style=\"width: 160px;\">Jornada media<\/td>\n<td rowspan=\"1\" colspan=\"2\" style=\"width: 80px;\">5 horas<\/td>\n<td style=\"width: 41px;\">400\u20ac<\/td>\n<\/tr>\n<tr>\n<td rowspan=\"1\" colspan=\"4\" style=\"width: 160px;\">Hora extra<\/td>\n<td rowspan=\"1\" colspan=\"2\" style=\"width: 80px;\"><\/td>\n<td style=\"width: 41px;\">65\u20ac<\/td>\n<\/tr>\n<\/tbody>\n<\/table>\n<p>&nbsp;<\/p>\n<p>[\/et_pb_blurb][\/et_pb_column][\/et_pb_row][\/et_pb_section]<\/p>\n","protected":false},"excerpt":{"rendered":"<p>Especificaciones TAMA\u00d1O ALTURA 140m2 3m 13.18m\u00d711.90m &nbsp;Instalaciones Luz natural Deco y atrezzo Bar Patio exterior &nbsp;Plat\u00f3 3 (Brooklyn Loft) se encuentra en la planta 1 del edificio y cuenta con una superficie aproximada de 140 m\u00b2, dividida en una zona interior y otra exterior. El dise\u00f1o del espacio se inspira en el estilo industrial de [&hellip;]<\/p>\n","protected":false},"author":18,"featured_media":1856,"parent":10367,"menu_order":0,"comment_status":"closed","ping_status":"closed","template":"","meta":{"_et_pb_use_builder":"on","_et_pb_old_content":"","_et_gb_content_width":"","footnotes":""},"class_list":["post-10379","page","type-page","status-publish","has-post-thumbnail","hentry"],"yoast_head":"<!-- This site is optimized with the Yoast SEO plugin v27.4 - https:\/\/yoast.com\/product\/yoast-seo-wordpress\/ -->\n<title>STUDIO 3 (Brooklyn Loft) Plat\u00f3 Alquiler Barcelona | Alder Art Studio<\/title>\n<meta name=\"description\" content=\"Se inspira en el estilo industrial de Brooklyn (Nueva York). En el interior dispone de escenograf\u00edas y una barra de bar, en el exterior, el pasillo est\u00e1 ambientado con mesas y sillas de distintos colores y estilos.\" \/>\n<meta name=\"robots\" content=\"index, follow, max-snippet:-1, max-image-preview:large, max-video-preview:-1\" \/>\n<link rel=\"canonical\" href=\"https:\/\/alderartstudios.com\/en\/alquiler-estudio-produccion-audiovisual\/studio-3-brooklyn-loft\/\" \/>\n<meta property=\"og:locale\" content=\"en_US\" \/>\n<meta property=\"og:type\" content=\"article\" \/>\n<meta property=\"og:title\" content=\"STUDIO 3 (Brooklyn Loft) Plat\u00f3 Alquiler Barcelona | Alder Art Studio\" \/>\n<meta property=\"og:description\" content=\"Se inspira en el estilo industrial de Brooklyn (Nueva York). En el interior dispone de escenograf\u00edas y una barra de bar, en el exterior, el pasillo est\u00e1 ambientado con mesas y sillas de distintos colores y estilos.\" \/>\n<meta property=\"og:url\" content=\"https:\/\/alderartstudios.com\/en\/alquiler-estudio-produccion-audiovisual\/studio-3-brooklyn-loft\/\" \/>\n<meta property=\"og:site_name\" content=\"Alder Art Studio\" \/>\n<meta property=\"article:modified_time\" content=\"2026-01-12T12:09:05+00:00\" \/>\n<meta property=\"og:image\" content=\"https:\/\/alderartstudios.com\/wp-content\/uploads\/2020\/04\/STUDIO-1-The-Rain-Studio-Alquiler-Estudios-4.jpg\" \/>\n\t<meta property=\"og:image:width\" content=\"1920\" \/>\n\t<meta property=\"og:image:height\" content=\"1280\" \/>\n\t<meta property=\"og:image:type\" content=\"image\/jpeg\" \/>\n<meta name=\"twitter:card\" content=\"summary_large_image\" \/>\n<meta name=\"twitter:label1\" content=\"Est. reading time\" \/>\n\t<meta name=\"twitter:data1\" content=\"2 minutes\" \/>\n<script type=\"application\/ld+json\" class=\"yoast-schema-graph\">{\"@context\":\"https:\\\/\\\/schema.org\",\"@graph\":[{\"@type\":\"WebPage\",\"@id\":\"https:\\\/\\\/alderartstudios.com\\\/en\\\/alquiler-estudio-produccion-audiovisual\\\/studio-3-brooklyn-loft\\\/\",\"url\":\"https:\\\/\\\/alderartstudios.com\\\/en\\\/alquiler-estudio-produccion-audiovisual\\\/studio-3-brooklyn-loft\\\/\",\"name\":\"STUDIO 3 (Brooklyn Loft) Plat\u00f3 Alquiler Barcelona | Alder Art Studio\",\"isPartOf\":{\"@id\":\"https:\\\/\\\/alderartstudios.com\\\/en\\\/#website\"},\"primaryImageOfPage\":{\"@id\":\"https:\\\/\\\/alderartstudios.com\\\/en\\\/alquiler-estudio-produccion-audiovisual\\\/studio-3-brooklyn-loft\\\/#primaryimage\"},\"image\":{\"@id\":\"https:\\\/\\\/alderartstudios.com\\\/en\\\/alquiler-estudio-produccion-audiovisual\\\/studio-3-brooklyn-loft\\\/#primaryimage\"},\"thumbnailUrl\":\"https:\\\/\\\/alderartstudios.com\\\/wp-content\\\/uploads\\\/2020\\\/04\\\/STUDIO-1-The-Rain-Studio-Alquiler-Estudios-4.jpg\",\"datePublished\":\"2025-08-29T11:28:15+00:00\",\"dateModified\":\"2026-01-12T12:09:05+00:00\",\"description\":\"Se inspira en el estilo industrial de Brooklyn (Nueva York). En el interior dispone de escenograf\u00edas y una barra de bar, en el exterior, el pasillo est\u00e1 ambientado con mesas y sillas de distintos colores y estilos.\",\"breadcrumb\":{\"@id\":\"https:\\\/\\\/alderartstudios.com\\\/en\\\/alquiler-estudio-produccion-audiovisual\\\/studio-3-brooklyn-loft\\\/#breadcrumb\"},\"inLanguage\":\"en-US\",\"potentialAction\":[{\"@type\":\"ReadAction\",\"target\":[\"https:\\\/\\\/alderartstudios.com\\\/en\\\/alquiler-estudio-produccion-audiovisual\\\/studio-3-brooklyn-loft\\\/\"]}]},{\"@type\":\"ImageObject\",\"inLanguage\":\"en-US\",\"@id\":\"https:\\\/\\\/alderartstudios.com\\\/en\\\/alquiler-estudio-produccion-audiovisual\\\/studio-3-brooklyn-loft\\\/#primaryimage\",\"url\":\"https:\\\/\\\/alderartstudios.com\\\/wp-content\\\/uploads\\\/2020\\\/04\\\/STUDIO-1-The-Rain-Studio-Alquiler-Estudios-4.jpg\",\"contentUrl\":\"https:\\\/\\\/alderartstudios.com\\\/wp-content\\\/uploads\\\/2020\\\/04\\\/STUDIO-1-The-Rain-Studio-Alquiler-Estudios-4.jpg\",\"width\":1920,\"height\":1280,\"caption\":\"STUDIO The Rain Studio Alquiler Estudios\"},{\"@type\":\"BreadcrumbList\",\"@id\":\"https:\\\/\\\/alderartstudios.com\\\/en\\\/alquiler-estudio-produccion-audiovisual\\\/studio-3-brooklyn-loft\\\/#breadcrumb\",\"itemListElement\":[{\"@type\":\"ListItem\",\"position\":1,\"name\":\"Portada\",\"item\":\"https:\\\/\\\/alderartstudios.com\\\/en\\\/\"},{\"@type\":\"ListItem\",\"position\":2,\"name\":\"Alquiler Estudio Producci\u00f3n Audiovisual\",\"item\":\"https:\\\/\\\/alderartstudios.com\\\/en\\\/alquiler-estudio-produccion-audiovisual\\\/\"},{\"@type\":\"ListItem\",\"position\":3,\"name\":\"STUDIO 3 &#8211; Brooklyn Loft\"}]},{\"@type\":\"WebSite\",\"@id\":\"https:\\\/\\\/alderartstudios.com\\\/en\\\/#website\",\"url\":\"https:\\\/\\\/alderartstudios.com\\\/en\\\/\",\"name\":\"Alder Art Studio\",\"description\":\"Sesiones Fotogr\u00e1ficas, rodajes, castings, eventos, reuniones, showrooms, conferencias, celebraciones\",\"publisher\":{\"@id\":\"https:\\\/\\\/alderartstudios.com\\\/en\\\/#organization\"},\"potentialAction\":[{\"@type\":\"SearchAction\",\"target\":{\"@type\":\"EntryPoint\",\"urlTemplate\":\"https:\\\/\\\/alderartstudios.com\\\/en\\\/?s={search_term_string}\"},\"query-input\":{\"@type\":\"PropertyValueSpecification\",\"valueRequired\":true,\"valueName\":\"search_term_string\"}}],\"inLanguage\":\"en-US\"},{\"@type\":\"Organization\",\"@id\":\"https:\\\/\\\/alderartstudios.com\\\/en\\\/#organization\",\"name\":\"Alder Art Studio | Estudio Fotogr\u00e1fico en Barcelona\",\"url\":\"https:\\\/\\\/alderartstudios.com\\\/en\\\/\",\"logo\":{\"@type\":\"ImageObject\",\"inLanguage\":\"en-US\",\"@id\":\"https:\\\/\\\/alderartstudios.com\\\/en\\\/#\\\/schema\\\/logo\\\/image\\\/\",\"url\":\"https:\\\/\\\/alderartstudios.com\\\/wp-content\\\/uploads\\\/2020\\\/03\\\/alder-art-studio-estudio-fotografico-barcelona.jpg\",\"contentUrl\":\"https:\\\/\\\/alderartstudios.com\\\/wp-content\\\/uploads\\\/2020\\\/03\\\/alder-art-studio-estudio-fotografico-barcelona.jpg\",\"width\":306,\"height\":90,\"caption\":\"Alder Art Studio | Estudio Fotogr\u00e1fico en Barcelona\"},\"image\":{\"@id\":\"https:\\\/\\\/alderartstudios.com\\\/en\\\/#\\\/schema\\\/logo\\\/image\\\/\"}}]}<\/script>\n<!-- \/ Yoast SEO plugin. -->","yoast_head_json":{"title":"STUDIO 3 (Brooklyn Loft) Plat\u00f3 Alquiler Barcelona | Alder Art Studio","description":"Se inspira en el estilo industrial de Brooklyn (Nueva York). En el interior dispone de escenograf\u00edas y una barra de bar, en el exterior, el pasillo est\u00e1 ambientado con mesas y sillas de distintos colores y estilos.","robots":{"index":"index","follow":"follow","max-snippet":"max-snippet:-1","max-image-preview":"max-image-preview:large","max-video-preview":"max-video-preview:-1"},"canonical":"https:\/\/alderartstudios.com\/en\/alquiler-estudio-produccion-audiovisual\/studio-3-brooklyn-loft\/","og_locale":"en_US","og_type":"article","og_title":"STUDIO 3 (Brooklyn Loft) Plat\u00f3 Alquiler Barcelona | Alder Art Studio","og_description":"Se inspira en el estilo industrial de Brooklyn (Nueva York). En el interior dispone de escenograf\u00edas y una barra de bar, en el exterior, el pasillo est\u00e1 ambientado con mesas y sillas de distintos colores y estilos.","og_url":"https:\/\/alderartstudios.com\/en\/alquiler-estudio-produccion-audiovisual\/studio-3-brooklyn-loft\/","og_site_name":"Alder Art Studio","article_modified_time":"2026-01-12T12:09:05+00:00","og_image":[{"width":1920,"height":1280,"url":"https:\/\/alderartstudios.com\/wp-content\/uploads\/2020\/04\/STUDIO-1-The-Rain-Studio-Alquiler-Estudios-4.jpg","type":"image\/jpeg"}],"twitter_card":"summary_large_image","twitter_misc":{"Est. reading time":"2 minutes"},"schema":{"@context":"https:\/\/schema.org","@graph":[{"@type":"WebPage","@id":"https:\/\/alderartstudios.com\/en\/alquiler-estudio-produccion-audiovisual\/studio-3-brooklyn-loft\/","url":"https:\/\/alderartstudios.com\/en\/alquiler-estudio-produccion-audiovisual\/studio-3-brooklyn-loft\/","name":"STUDIO 3 (Brooklyn Loft) Plat\u00f3 Alquiler Barcelona | Alder Art Studio","isPartOf":{"@id":"https:\/\/alderartstudios.com\/en\/#website"},"primaryImageOfPage":{"@id":"https:\/\/alderartstudios.com\/en\/alquiler-estudio-produccion-audiovisual\/studio-3-brooklyn-loft\/#primaryimage"},"image":{"@id":"https:\/\/alderartstudios.com\/en\/alquiler-estudio-produccion-audiovisual\/studio-3-brooklyn-loft\/#primaryimage"},"thumbnailUrl":"https:\/\/alderartstudios.com\/wp-content\/uploads\/2020\/04\/STUDIO-1-The-Rain-Studio-Alquiler-Estudios-4.jpg","datePublished":"2025-08-29T11:28:15+00:00","dateModified":"2026-01-12T12:09:05+00:00","description":"Se inspira en el estilo industrial de Brooklyn (Nueva York). En el interior dispone de escenograf\u00edas y una barra de bar, en el exterior, el pasillo est\u00e1 ambientado con mesas y sillas de distintos colores y estilos.","breadcrumb":{"@id":"https:\/\/alderartstudios.com\/en\/alquiler-estudio-produccion-audiovisual\/studio-3-brooklyn-loft\/#breadcrumb"},"inLanguage":"en-US","potentialAction":[{"@type":"ReadAction","target":["https:\/\/alderartstudios.com\/en\/alquiler-estudio-produccion-audiovisual\/studio-3-brooklyn-loft\/"]}]},{"@type":"ImageObject","inLanguage":"en-US","@id":"https:\/\/alderartstudios.com\/en\/alquiler-estudio-produccion-audiovisual\/studio-3-brooklyn-loft\/#primaryimage","url":"https:\/\/alderartstudios.com\/wp-content\/uploads\/2020\/04\/STUDIO-1-The-Rain-Studio-Alquiler-Estudios-4.jpg","contentUrl":"https:\/\/alderartstudios.com\/wp-content\/uploads\/2020\/04\/STUDIO-1-The-Rain-Studio-Alquiler-Estudios-4.jpg","width":1920,"height":1280,"caption":"STUDIO The Rain Studio Alquiler Estudios"},{"@type":"BreadcrumbList","@id":"https:\/\/alderartstudios.com\/en\/alquiler-estudio-produccion-audiovisual\/studio-3-brooklyn-loft\/#breadcrumb","itemListElement":[{"@type":"ListItem","position":1,"name":"Portada","item":"https:\/\/alderartstudios.com\/en\/"},{"@type":"ListItem","position":2,"name":"Alquiler Estudio Producci\u00f3n Audiovisual","item":"https:\/\/alderartstudios.com\/en\/alquiler-estudio-produccion-audiovisual\/"},{"@type":"ListItem","position":3,"name":"STUDIO 3 &#8211; Brooklyn Loft"}]},{"@type":"WebSite","@id":"https:\/\/alderartstudios.com\/en\/#website","url":"https:\/\/alderartstudios.com\/en\/","name":"Alder Art Studio","description":"Sesiones Fotogr\u00e1ficas, rodajes, castings, eventos, reuniones, showrooms, conferencias, celebraciones","publisher":{"@id":"https:\/\/alderartstudios.com\/en\/#organization"},"potentialAction":[{"@type":"SearchAction","target":{"@type":"EntryPoint","urlTemplate":"https:\/\/alderartstudios.com\/en\/?s={search_term_string}"},"query-input":{"@type":"PropertyValueSpecification","valueRequired":true,"valueName":"search_term_string"}}],"inLanguage":"en-US"},{"@type":"Organization","@id":"https:\/\/alderartstudios.com\/en\/#organization","name":"Alder Art Studio | Estudio Fotogr\u00e1fico en Barcelona","url":"https:\/\/alderartstudios.com\/en\/","logo":{"@type":"ImageObject","inLanguage":"en-US","@id":"https:\/\/alderartstudios.com\/en\/#\/schema\/logo\/image\/","url":"https:\/\/alderartstudios.com\/wp-content\/uploads\/2020\/03\/alder-art-studio-estudio-fotografico-barcelona.jpg","contentUrl":"https:\/\/alderartstudios.com\/wp-content\/uploads\/2020\/03\/alder-art-studio-estudio-fotografico-barcelona.jpg","width":306,"height":90,"caption":"Alder Art Studio | Estudio Fotogr\u00e1fico en Barcelona"},"image":{"@id":"https:\/\/alderartstudios.com\/en\/#\/schema\/logo\/image\/"}}]}},"_links":{"self":[{"href":"https:\/\/alderartstudios.com\/en\/wp-json\/wp\/v2\/pages\/10379","targetHints":{"allow":["GET"]}}],"collection":[{"href":"https:\/\/alderartstudios.com\/en\/wp-json\/wp\/v2\/pages"}],"about":[{"href":"https:\/\/alderartstudios.com\/en\/wp-json\/wp\/v2\/types\/page"}],"author":[{"embeddable":true,"href":"https:\/\/alderartstudios.com\/en\/wp-json\/wp\/v2\/users\/18"}],"replies":[{"embeddable":true,"href":"https:\/\/alderartstudios.com\/en\/wp-json\/wp\/v2\/comments?post=10379"}],"version-history":[{"count":0,"href":"https:\/\/alderartstudios.com\/en\/wp-json\/wp\/v2\/pages\/10379\/revisions"}],"up":[{"embeddable":true,"href":"https:\/\/alderartstudios.com\/en\/wp-json\/wp\/v2\/pages\/10367"}],"wp:featuredmedia":[{"embeddable":true,"href":"https:\/\/alderartstudios.com\/en\/wp-json\/wp\/v2\/media\/1856"}],"wp:attachment":[{"href":"https:\/\/alderartstudios.com\/en\/wp-json\/wp\/v2\/media?parent=10379"}],"curies":[{"name":"wp","href":"https:\/\/api.w.org\/{rel}","templated":true}]}}